{"id":696,"date":"2016-11-26T23:53:06","date_gmt":"2016-11-26T23:53:06","guid":{"rendered":"http:\/\/jolitape.ca\/?page_id=696"},"modified":"2020-04-03T01:32:07","modified_gmt":"2020-04-03T01:32:07","slug":"696-2","status":"publish","type":"page","link":"http:\/\/jolitape.ca\/?page_id=696&lang=fr","title":{"rendered":"\u00c0 propos de JOLI"},"content":{"rendered":"<p><strong><span style=\"color: #000080;\">JOLI Distribution F. Hendel Inc.<img loading=\"lazy\" decoding=\"async\" class=\" wp-image-939 alignright\" src=\"http:\/\/jolitape.ca\/wp-content\/uploads\/2017\/11\/TCIT.Group_.2-1-150x150.jpeg\" alt=\"Produits Thermo\" width=\"152\" height=\"152\" srcset=\"http:\/\/jolitape.ca\/wp-content\/uploads\/2017\/11\/TCIT.Group_.2-1-150x150.jpeg 150w, http:\/\/jolitape.ca\/wp-content\/uploads\/2017\/11\/TCIT.Group_.2-1-53x53.jpeg 53w, http:\/\/jolitape.ca\/wp-content\/uploads\/2017\/11\/TCIT.Group_.2-1-85x85.jpeg 85w, http:\/\/jolitape.ca\/wp-content\/uploads\/2017\/11\/TCIT.Group_.2-1-570x570.jpeg 570w, http:\/\/jolitape.ca\/wp-content\/uploads\/2017\/11\/TCIT.Group_.2-1-380x380.jpeg 380w, http:\/\/jolitape.ca\/wp-content\/uploads\/2017\/11\/TCIT.Group_.2-1-285x285.jpeg 285w\" sizes=\"auto, (max-width: 152px) 100vw, 152px\" \/><img loading=\"lazy\" decoding=\"async\" class=\" wp-image-1000 alignright\" src=\"http:\/\/jolitape.ca\/wp-content\/uploads\/2016\/11\/circuit-1-150x139.png\" alt=\"\" width=\"161\" height=\"149\" \/><img loading=\"lazy\" decoding=\"async\" class=\" wp-image-959 alignright\" src=\"http:\/\/jolitape.ca\/wp-content\/uploads\/2017\/11\/Thermal-88-series-1-150x150.jpg\" alt=\"\" width=\"150\" height=\"150\" srcset=\"http:\/\/jolitape.ca\/wp-content\/uploads\/2017\/11\/Thermal-88-series-1-150x150.jpg 150w, http:\/\/jolitape.ca\/wp-content\/uploads\/2017\/11\/Thermal-88-series-1-53x53.jpg 53w, http:\/\/jolitape.ca\/wp-content\/uploads\/2017\/11\/Thermal-88-series-1-85x85.jpg 85w\" sizes=\"auto, (max-width: 150px) 100vw, 150px\" \/><\/span><\/strong><br \/>\n<em>Solutions pour isoler, coller, prot\u00e9ger, emballer.<\/em><\/p>\n<p>JOLI Distribution est une entreprise familiale, situ\u00e9 au Qu\u00e9bec et en Ontario. Nous avons fi\u00e8rement desservi l&#8217;industrie partout au Canada et en Amerique du Nord depuis 1972. Au fil des ann\u00e9es, nous avons \u00e9largi nos march\u00e9s \u00e0 tous la fabrication \u00e9lectrique et \u00e9lectronique, les fabricants industriels, toutes les gammes de l&#8217;avion, de l&#8217;a\u00e9rospatiale et de l&#8217;industrie du transport en commun, et le march\u00e9 d&#8217;entretien, de construction et de r\u00e9novation.<\/p>\n<p>Hautement qualifi\u00e9s dans les produits et les applications des produits, l&#8217;\u00e9quipe de vente exp\u00e9riment\u00e9e de JOLI vous guidera de l&#8217;id\u00e9e \u00e0 la solution, la conception de vos meilleures options et l&#8217;approvisionnement des produits appropri\u00e9s pour votre application.<\/p>\n<p>Lorsque vous traitez avec Joli, vous pouvez vous attendre de nous le mieux qu&#8217;une entreprise peut offrir.<\/p>\n<p>\u2022 Service<br \/>\n\u2022 Flexibilit\u00e9<br \/>\n\u2022 Assistance \/ aide<br \/>\n\u2022 Connaissance in\u00e9gal\u00e9e<br \/>\n\u2022 Produits<br \/>\n\u2022 Conversion<\/p>\n","protected":false},"excerpt":{"rendered":"<p>JOLI Distribution F. Hendel Inc. Solutions pour isoler, coller, prot\u00e9ger, emballer. JOLI Distribution est une entreprise familiale, situ\u00e9 au Qu\u00e9bec et en Ontario. Nous avons fi\u00e8rement desservi l&#8217;industrie partout au Canada et en Amerique du Nord depuis 1972. Au fil des ann\u00e9es, nous avons \u00e9largi nos march\u00e9s \u00e0 tous la fabrication \u00e9lectrique et \u00e9lectronique, les<\/p>\n<p class=\"more-link\"><a href=\"http:\/\/jolitape.ca\/?page_id=696&#038;lang=fr\" class=\"themebutton2\">READ MORE<\/a><\/p>\n","protected":false},"author":2,"featured_media":0,"parent":0,"menu_order":0,"comment_status":"closed","ping_status":"open","template":"","meta":{"footnotes":""},"class_list":["post-696","page","type-page","status-publish","hentry"],"yoast_head":"<!-- This site is optimized with the Yoast SEO plugin v27.3 - https:\/\/yoast.com\/product\/yoast-seo-wordpress\/ -->\n<title>\u00c0 propos de JOLI - JOLI<\/title>\n<meta name=\"robots\" content=\"index, follow, max-snippet:-1, max-image-preview:large, max-video-preview:-1\" \/>\n<link rel=\"canonical\" href=\"http:\/\/jolitape.ca\/?page_id=696&lang=fr\" \/>\n<meta property=\"og:locale\" content=\"en_US\" \/>\n<meta property=\"og:type\" content=\"article\" \/>\n<meta property=\"og:title\" content=\"\u00c0 propos de JOLI - JOLI\" \/>\n<meta property=\"og:description\" content=\"JOLI Distribution F. Hendel Inc. Solutions pour isoler, coller, prot\u00e9ger, emballer. JOLI Distribution est une entreprise familiale, situ\u00e9 au Qu\u00e9bec et en Ontario. Nous avons fi\u00e8rement desservi l&#8217;industrie partout au Canada et en Amerique du Nord depuis 1972. Au fil des ann\u00e9es, nous avons \u00e9largi nos march\u00e9s \u00e0 tous la fabrication \u00e9lectrique et \u00e9lectronique, lesREAD MORE\" \/>\n<meta property=\"og:url\" content=\"http:\/\/jolitape.ca\/?page_id=696&amp;lang=fr\" \/>\n<meta property=\"og:site_name\" content=\"JOLI\" \/>\n<meta property=\"article:modified_time\" content=\"2020-04-03T01:32:07+00:00\" \/>\n<meta property=\"og:image\" content=\"http:\/\/jolitape.ca\/wp-content\/uploads\/2017\/11\/TCIT.Group_.2-1-150x150.jpeg\" \/>\n<meta name=\"twitter:card\" content=\"summary_large_image\" \/>\n<meta name=\"twitter:label1\" content=\"Est. reading time\" \/>\n\t<meta name=\"twitter:data1\" content=\"1 minute\" \/>\n<script type=\"application\/ld+json\" class=\"yoast-schema-graph\">{\"@context\":\"https:\\\/\\\/schema.org\",\"@graph\":[{\"@type\":\"WebPage\",\"@id\":\"http:\\\/\\\/jolitape.ca\\\/?page_id=696&lang=fr\",\"url\":\"http:\\\/\\\/jolitape.ca\\\/?page_id=696&lang=fr\",\"name\":\"\u00c0 propos de JOLI - JOLI\",\"isPartOf\":{\"@id\":\"http:\\\/\\\/jolitape.ca\\\/#website\"},\"primaryImageOfPage\":{\"@id\":\"http:\\\/\\\/jolitape.ca\\\/?page_id=696&lang=fr#primaryimage\"},\"image\":{\"@id\":\"http:\\\/\\\/jolitape.ca\\\/?page_id=696&lang=fr#primaryimage\"},\"thumbnailUrl\":\"http:\\\/\\\/jolitape.ca\\\/wp-content\\\/uploads\\\/2017\\\/11\\\/TCIT.Group_.2-1-150x150.jpeg\",\"datePublished\":\"2016-11-26T23:53:06+00:00\",\"dateModified\":\"2020-04-03T01:32:07+00:00\",\"breadcrumb\":{\"@id\":\"http:\\\/\\\/jolitape.ca\\\/?page_id=696&lang=fr#breadcrumb\"},\"inLanguage\":\"en-US\",\"potentialAction\":[{\"@type\":\"ReadAction\",\"target\":[\"http:\\\/\\\/jolitape.ca\\\/?page_id=696&lang=fr\"]}]},{\"@type\":\"ImageObject\",\"inLanguage\":\"en-US\",\"@id\":\"http:\\\/\\\/jolitape.ca\\\/?page_id=696&lang=fr#primaryimage\",\"url\":\"http:\\\/\\\/jolitape.ca\\\/wp-content\\\/uploads\\\/2017\\\/11\\\/TCIT.Group_.2-1.jpeg\",\"contentUrl\":\"http:\\\/\\\/jolitape.ca\\\/wp-content\\\/uploads\\\/2017\\\/11\\\/TCIT.Group_.2-1.jpeg\",\"width\":1500,\"height\":1000,\"caption\":\"Produits Thermo\"},{\"@type\":\"BreadcrumbList\",\"@id\":\"http:\\\/\\\/jolitape.ca\\\/?page_id=696&lang=fr#breadcrumb\",\"itemListElement\":[{\"@type\":\"ListItem\",\"position\":1,\"name\":\"Home\",\"item\":\"http:\\\/\\\/jolitape.ca\\\/?page_id=102&lang=en\"},{\"@type\":\"ListItem\",\"position\":2,\"name\":\"\u00c0 propos de JOLI\"}]},{\"@type\":\"WebSite\",\"@id\":\"http:\\\/\\\/jolitape.ca\\\/#website\",\"url\":\"http:\\\/\\\/jolitape.ca\\\/\",\"name\":\"JOLI\",\"description\":\"Tapes and Adhesives Distributor &amp; Converter.\",\"publisher\":{\"@id\":\"http:\\\/\\\/jolitape.ca\\\/#organization\"},\"alternateName\":\"Jolitape\",\"potentialAction\":[{\"@type\":\"SearchAction\",\"target\":{\"@type\":\"EntryPoint\",\"urlTemplate\":\"http:\\\/\\\/jolitape.ca\\\/?s={search_term_string}\"},\"query-input\":{\"@type\":\"PropertyValueSpecification\",\"valueRequired\":true,\"valueName\":\"search_term_string\"}}],\"inLanguage\":\"en-US\"},{\"@type\":\"Organization\",\"@id\":\"http:\\\/\\\/jolitape.ca\\\/#organization\",\"name\":\"JOLI\",\"alternateName\":\"F. Hendel Distribution Inc.\",\"url\":\"http:\\\/\\\/jolitape.ca\\\/\",\"logo\":{\"@type\":\"ImageObject\",\"inLanguage\":\"en-US\",\"@id\":\"http:\\\/\\\/jolitape.ca\\\/#\\\/schema\\\/logo\\\/image\\\/\",\"url\":\"http:\\\/\\\/jolitape.ca\\\/wp-content\\\/uploads\\\/2016\\\/09\\\/cropped-joli-logo_highres-1.jpg\",\"contentUrl\":\"http:\\\/\\\/jolitape.ca\\\/wp-content\\\/uploads\\\/2016\\\/09\\\/cropped-joli-logo_highres-1.jpg\",\"width\":1092,\"height\":382,\"caption\":\"JOLI\"},\"image\":{\"@id\":\"http:\\\/\\\/jolitape.ca\\\/#\\\/schema\\\/logo\\\/image\\\/\"}}]}<\/script>\n<!-- \/ Yoast SEO plugin. -->","yoast_head_json":{"title":"\u00c0 propos de JOLI - JOLI","robots":{"index":"index","follow":"follow","max-snippet":"max-snippet:-1","max-image-preview":"max-image-preview:large","max-video-preview":"max-video-preview:-1"},"canonical":"http:\/\/jolitape.ca\/?page_id=696&lang=fr","og_locale":"en_US","og_type":"article","og_title":"\u00c0 propos de JOLI - JOLI","og_description":"JOLI Distribution F. Hendel Inc. Solutions pour isoler, coller, prot\u00e9ger, emballer. JOLI Distribution est une entreprise familiale, situ\u00e9 au Qu\u00e9bec et en Ontario. Nous avons fi\u00e8rement desservi l&#8217;industrie partout au Canada et en Amerique du Nord depuis 1972. Au fil des ann\u00e9es, nous avons \u00e9largi nos march\u00e9s \u00e0 tous la fabrication \u00e9lectrique et \u00e9lectronique, lesREAD MORE","og_url":"http:\/\/jolitape.ca\/?page_id=696&lang=fr","og_site_name":"JOLI","article_modified_time":"2020-04-03T01:32:07+00:00","og_image":[{"url":"http:\/\/jolitape.ca\/wp-content\/uploads\/2017\/11\/TCIT.Group_.2-1-150x150.jpeg","type":"","width":"","height":""}],"twitter_card":"summary_large_image","twitter_misc":{"Est. reading time":"1 minute"},"schema":{"@context":"https:\/\/schema.org","@graph":[{"@type":"WebPage","@id":"http:\/\/jolitape.ca\/?page_id=696&lang=fr","url":"http:\/\/jolitape.ca\/?page_id=696&lang=fr","name":"\u00c0 propos de JOLI - JOLI","isPartOf":{"@id":"http:\/\/jolitape.ca\/#website"},"primaryImageOfPage":{"@id":"http:\/\/jolitape.ca\/?page_id=696&lang=fr#primaryimage"},"image":{"@id":"http:\/\/jolitape.ca\/?page_id=696&lang=fr#primaryimage"},"thumbnailUrl":"http:\/\/jolitape.ca\/wp-content\/uploads\/2017\/11\/TCIT.Group_.2-1-150x150.jpeg","datePublished":"2016-11-26T23:53:06+00:00","dateModified":"2020-04-03T01:32:07+00:00","breadcrumb":{"@id":"http:\/\/jolitape.ca\/?page_id=696&lang=fr#breadcrumb"},"inLanguage":"en-US","potentialAction":[{"@type":"ReadAction","target":["http:\/\/jolitape.ca\/?page_id=696&lang=fr"]}]},{"@type":"ImageObject","inLanguage":"en-US","@id":"http:\/\/jolitape.ca\/?page_id=696&lang=fr#primaryimage","url":"http:\/\/jolitape.ca\/wp-content\/uploads\/2017\/11\/TCIT.Group_.2-1.jpeg","contentUrl":"http:\/\/jolitape.ca\/wp-content\/uploads\/2017\/11\/TCIT.Group_.2-1.jpeg","width":1500,"height":1000,"caption":"Produits Thermo"},{"@type":"BreadcrumbList","@id":"http:\/\/jolitape.ca\/?page_id=696&lang=fr#breadcrumb","itemListElement":[{"@type":"ListItem","position":1,"name":"Home","item":"http:\/\/jolitape.ca\/?page_id=102&lang=en"},{"@type":"ListItem","position":2,"name":"\u00c0 propos de JOLI"}]},{"@type":"WebSite","@id":"http:\/\/jolitape.ca\/#website","url":"http:\/\/jolitape.ca\/","name":"JOLI","description":"Tapes and Adhesives Distributor &amp; Converter.","publisher":{"@id":"http:\/\/jolitape.ca\/#organization"},"alternateName":"Jolitape","potentialAction":[{"@type":"SearchAction","target":{"@type":"EntryPoint","urlTemplate":"http:\/\/jolitape.ca\/?s={search_term_string}"},"query-input":{"@type":"PropertyValueSpecification","valueRequired":true,"valueName":"search_term_string"}}],"inLanguage":"en-US"},{"@type":"Organization","@id":"http:\/\/jolitape.ca\/#organization","name":"JOLI","alternateName":"F. Hendel Distribution Inc.","url":"http:\/\/jolitape.ca\/","logo":{"@type":"ImageObject","inLanguage":"en-US","@id":"http:\/\/jolitape.ca\/#\/schema\/logo\/image\/","url":"http:\/\/jolitape.ca\/wp-content\/uploads\/2016\/09\/cropped-joli-logo_highres-1.jpg","contentUrl":"http:\/\/jolitape.ca\/wp-content\/uploads\/2016\/09\/cropped-joli-logo_highres-1.jpg","width":1092,"height":382,"caption":"JOLI"},"image":{"@id":"http:\/\/jolitape.ca\/#\/schema\/logo\/image\/"}}]}},"_links":{"self":[{"href":"http:\/\/jolitape.ca\/index.php?rest_route=\/wp\/v2\/pages\/696","targetHints":{"allow":["GET"]}}],"collection":[{"href":"http:\/\/jolitape.ca\/index.php?rest_route=\/wp\/v2\/pages"}],"about":[{"href":"http:\/\/jolitape.ca\/index.php?rest_route=\/wp\/v2\/types\/page"}],"author":[{"embeddable":true,"href":"http:\/\/jolitape.ca\/index.php?rest_route=\/wp\/v2\/users\/2"}],"replies":[{"embeddable":true,"href":"http:\/\/jolitape.ca\/index.php?rest_route=%2Fwp%2Fv2%2Fcomments&post=696"}],"version-history":[{"count":7,"href":"http:\/\/jolitape.ca\/index.php?rest_route=\/wp\/v2\/pages\/696\/revisions"}],"predecessor-version":[{"id":1117,"href":"http:\/\/jolitape.ca\/index.php?rest_route=\/wp\/v2\/pages\/696\/revisions\/1117"}],"wp:attachment":[{"href":"http:\/\/jolitape.ca\/index.php?rest_route=%2Fwp%2Fv2%2Fmedia&parent=696"}],"curies":[{"name":"wp","href":"https:\/\/api.w.org\/{rel}","templated":true}]}}