{"id":703,"date":"2016-11-26T23:59:58","date_gmt":"2016-11-26T23:59:58","guid":{"rendered":"http:\/\/jolitape.ca\/?page_id=703"},"modified":"2017-11-18T22:09:27","modified_gmt":"2017-11-18T22:09:27","slug":"industries-que-nous-servons-2","status":"publish","type":"page","link":"http:\/\/jolitape.ca\/?page_id=703&lang=fr","title":{"rendered":"Industries que nous servons"},"content":{"rendered":"<p><img loading=\"lazy\" decoding=\"async\" class=\"alignleft wp-image-426 \" style=\"margin-bottom: 100px; margin-left: 5px; margin-right: 5px;\" src=\"http:\/\/jolitape.ca\/wp-content\/uploads\/2016\/11\/I0000gQAPqGWiXxI-150x150.jpg\" alt=\"Windows\" width=\"202\" height=\"202\" srcset=\"http:\/\/jolitape.ca\/wp-content\/uploads\/2016\/11\/I0000gQAPqGWiXxI-150x150.jpg 150w, http:\/\/jolitape.ca\/wp-content\/uploads\/2016\/11\/I0000gQAPqGWiXxI-53x53.jpg 53w, http:\/\/jolitape.ca\/wp-content\/uploads\/2016\/11\/I0000gQAPqGWiXxI-85x85.jpg 85w, http:\/\/jolitape.ca\/wp-content\/uploads\/2016\/11\/I0000gQAPqGWiXxI.jpg 180w\" sizes=\"auto, (max-width: 202px) 100vw, 202px\" \/> <img loading=\"lazy\" decoding=\"async\" class=\"alignleft wp-image-424\" style=\"margin-bottom: 100px; margin-left: 5px; margin-right: 5px;\" src=\"http:\/\/jolitape.ca\/wp-content\/uploads\/2016\/11\/circuit-150x139.png\" alt=\"circuit\" width=\"215\" height=\"199\" \/> <img loading=\"lazy\" decoding=\"async\" class=\"alignleft wp-image-427\" style=\"margin-bottom: 100px; margin-left: 5px; margin-right: 50px;\" src=\"http:\/\/jolitape.ca\/wp-content\/uploads\/2016\/11\/I0000kiwsAJfHJkk-150x150.jpg\" alt=\"Film\" width=\"201\" height=\"201\" srcset=\"http:\/\/jolitape.ca\/wp-content\/uploads\/2016\/11\/I0000kiwsAJfHJkk-150x150.jpg 150w, http:\/\/jolitape.ca\/wp-content\/uploads\/2016\/11\/I0000kiwsAJfHJkk-53x53.jpg 53w, http:\/\/jolitape.ca\/wp-content\/uploads\/2016\/11\/I0000kiwsAJfHJkk-85x85.jpg 85w, http:\/\/jolitape.ca\/wp-content\/uploads\/2016\/11\/I0000kiwsAJfHJkk.jpg 180w\" sizes=\"auto, (max-width: 201px) 100vw, 201px\" \/><\/p>\n<ul>\n<li><a href=\"http:\/\/jolitape.ca\/?page_id=706&amp;lang=fr\">A\u00e9rospaciale<\/a><\/li>\n<li><a href=\"http:\/\/jolitape.ca\/?page_id=712&amp;lang=fr\">Fabrication de produits \u00e9lectroniques<\/a><\/li>\n<li><a href=\"http:\/\/jolitape.ca\/?page_id=718&amp;lang=fr\">Industriel<\/a><\/li>\n<li><a href=\"http:\/\/jolitape.ca\/?page_id=730&amp;lang=fr\">Transformateurs et Enroulement de moteurs<\/a><\/li>\n<li><a href=\"http:\/\/jolitape.ca\/?page_id=709&amp;lang=fr\">Portes et Fen\u00eatres<\/a><\/li>\n<li><a href=\"http:\/\/jolitape.ca\/?page_id=715&amp;lang=fr\">Arts graphiques et Spectacles<\/a><\/li>\n<li><a href=\"http:\/\/jolitape.ca\/?page_id=721&amp;lang=fr\">Finissage des m\u00e9taux<\/a><\/li>\n<li><a href=\"http:\/\/jolitape.ca\/?page_id=724&amp;lang=fr\">Impression et Plastiques<\/a><\/li>\n<li><a href=\"http:\/\/jolitape.ca\/?page_id=727&amp;lang=fr\">Fabrication d&#8217;enseignes<\/a><\/li>\n<\/ul>\n<p>&nbsp;<\/p>\n","protected":false},"excerpt":{"rendered":"<p>A\u00e9rospaciale Fabrication de produits \u00e9lectroniques Industriel Transformateurs et Enroulement de moteurs Portes et Fen\u00eatres Arts graphiques et Spectacles Finissage des m\u00e9taux Impression et Plastiques Fabrication d&#8217;enseignes &nbsp;<\/p>\n","protected":false},"author":2,"featured_media":0,"parent":0,"menu_order":0,"comment_status":"closed","ping_status":"closed","template":"","meta":{"footnotes":""},"class_list":["post-703","page","type-page","status-publish","hentry"],"yoast_head":"<!-- This site is optimized with the Yoast SEO plugin v27.3 - https:\/\/yoast.com\/product\/yoast-seo-wordpress\/ -->\n<title>Industries que nous servons - JOLI<\/title>\n<meta name=\"robots\" content=\"index, follow, max-snippet:-1, max-image-preview:large, max-video-preview:-1\" \/>\n<link rel=\"canonical\" href=\"http:\/\/jolitape.ca\/?page_id=703&lang=fr\" \/>\n<meta property=\"og:locale\" content=\"en_US\" \/>\n<meta property=\"og:type\" content=\"article\" \/>\n<meta property=\"og:title\" content=\"Industries que nous servons - JOLI\" \/>\n<meta property=\"og:description\" content=\"A\u00e9rospaciale Fabrication de produits \u00e9lectroniques Industriel Transformateurs et Enroulement de moteurs Portes et Fen\u00eatres Arts graphiques et Spectacles Finissage des m\u00e9taux Impression et Plastiques Fabrication d&#8217;enseignes &nbsp;\" \/>\n<meta property=\"og:url\" content=\"http:\/\/jolitape.ca\/?page_id=703&amp;lang=fr\" \/>\n<meta property=\"og:site_name\" content=\"JOLI\" \/>\n<meta property=\"article:modified_time\" content=\"2017-11-18T22:09:27+00:00\" \/>\n<meta property=\"og:image\" content=\"http:\/\/jolitape.ca\/wp-content\/uploads\/2016\/11\/I0000gQAPqGWiXxI-150x150.jpg\" \/>\n<meta name=\"twitter:card\" content=\"summary_large_image\" \/>\n<script type=\"application\/ld+json\" class=\"yoast-schema-graph\">{\"@context\":\"https:\\\/\\\/schema.org\",\"@graph\":[{\"@type\":\"WebPage\",\"@id\":\"http:\\\/\\\/jolitape.ca\\\/?page_id=703&lang=fr\",\"url\":\"http:\\\/\\\/jolitape.ca\\\/?page_id=703&lang=fr\",\"name\":\"Industries que nous servons - JOLI\",\"isPartOf\":{\"@id\":\"http:\\\/\\\/jolitape.ca\\\/#website\"},\"primaryImageOfPage\":{\"@id\":\"http:\\\/\\\/jolitape.ca\\\/?page_id=703&lang=fr#primaryimage\"},\"image\":{\"@id\":\"http:\\\/\\\/jolitape.ca\\\/?page_id=703&lang=fr#primaryimage\"},\"thumbnailUrl\":\"http:\\\/\\\/jolitape.ca\\\/wp-content\\\/uploads\\\/2016\\\/11\\\/I0000gQAPqGWiXxI-150x150.jpg\",\"datePublished\":\"2016-11-26T23:59:58+00:00\",\"dateModified\":\"2017-11-18T22:09:27+00:00\",\"breadcrumb\":{\"@id\":\"http:\\\/\\\/jolitape.ca\\\/?page_id=703&lang=fr#breadcrumb\"},\"inLanguage\":\"en-US\",\"potentialAction\":[{\"@type\":\"ReadAction\",\"target\":[\"http:\\\/\\\/jolitape.ca\\\/?page_id=703&lang=fr\"]}]},{\"@type\":\"ImageObject\",\"inLanguage\":\"en-US\",\"@id\":\"http:\\\/\\\/jolitape.ca\\\/?page_id=703&lang=fr#primaryimage\",\"url\":\"http:\\\/\\\/jolitape.ca\\\/wp-content\\\/uploads\\\/2016\\\/11\\\/I0000gQAPqGWiXxI.jpg\",\"contentUrl\":\"http:\\\/\\\/jolitape.ca\\\/wp-content\\\/uploads\\\/2016\\\/11\\\/I0000gQAPqGWiXxI.jpg\",\"width\":180,\"height\":180},{\"@type\":\"BreadcrumbList\",\"@id\":\"http:\\\/\\\/jolitape.ca\\\/?page_id=703&lang=fr#breadcrumb\",\"itemListElement\":[{\"@type\":\"ListItem\",\"position\":1,\"name\":\"Home\",\"item\":\"http:\\\/\\\/jolitape.ca\\\/?page_id=102&lang=en\"},{\"@type\":\"ListItem\",\"position\":2,\"name\":\"Industries que nous servons\"}]},{\"@type\":\"WebSite\",\"@id\":\"http:\\\/\\\/jolitape.ca\\\/#website\",\"url\":\"http:\\\/\\\/jolitape.ca\\\/\",\"name\":\"JOLI\",\"description\":\"Tapes and Adhesives Distributor &amp; Converter.\",\"publisher\":{\"@id\":\"http:\\\/\\\/jolitape.ca\\\/#organization\"},\"alternateName\":\"Jolitape\",\"potentialAction\":[{\"@type\":\"SearchAction\",\"target\":{\"@type\":\"EntryPoint\",\"urlTemplate\":\"http:\\\/\\\/jolitape.ca\\\/?s={search_term_string}\"},\"query-input\":{\"@type\":\"PropertyValueSpecification\",\"valueRequired\":true,\"valueName\":\"search_term_string\"}}],\"inLanguage\":\"en-US\"},{\"@type\":\"Organization\",\"@id\":\"http:\\\/\\\/jolitape.ca\\\/#organization\",\"name\":\"JOLI\",\"alternateName\":\"F. Hendel Distribution Inc.\",\"url\":\"http:\\\/\\\/jolitape.ca\\\/\",\"logo\":{\"@type\":\"ImageObject\",\"inLanguage\":\"en-US\",\"@id\":\"http:\\\/\\\/jolitape.ca\\\/#\\\/schema\\\/logo\\\/image\\\/\",\"url\":\"http:\\\/\\\/jolitape.ca\\\/wp-content\\\/uploads\\\/2016\\\/09\\\/cropped-joli-logo_highres-1.jpg\",\"contentUrl\":\"http:\\\/\\\/jolitape.ca\\\/wp-content\\\/uploads\\\/2016\\\/09\\\/cropped-joli-logo_highres-1.jpg\",\"width\":1092,\"height\":382,\"caption\":\"JOLI\"},\"image\":{\"@id\":\"http:\\\/\\\/jolitape.ca\\\/#\\\/schema\\\/logo\\\/image\\\/\"}}]}<\/script>\n<!-- \/ Yoast SEO plugin. -->","yoast_head_json":{"title":"Industries que nous servons - JOLI","robots":{"index":"index","follow":"follow","max-snippet":"max-snippet:-1","max-image-preview":"max-image-preview:large","max-video-preview":"max-video-preview:-1"},"canonical":"http:\/\/jolitape.ca\/?page_id=703&lang=fr","og_locale":"en_US","og_type":"article","og_title":"Industries que nous servons - JOLI","og_description":"A\u00e9rospaciale Fabrication de produits \u00e9lectroniques Industriel Transformateurs et Enroulement de moteurs Portes et Fen\u00eatres Arts graphiques et Spectacles Finissage des m\u00e9taux Impression et Plastiques Fabrication d&#8217;enseignes &nbsp;","og_url":"http:\/\/jolitape.ca\/?page_id=703&lang=fr","og_site_name":"JOLI","article_modified_time":"2017-11-18T22:09:27+00:00","og_image":[{"url":"http:\/\/jolitape.ca\/wp-content\/uploads\/2016\/11\/I0000gQAPqGWiXxI-150x150.jpg","type":"","width":"","height":""}],"twitter_card":"summary_large_image","schema":{"@context":"https:\/\/schema.org","@graph":[{"@type":"WebPage","@id":"http:\/\/jolitape.ca\/?page_id=703&lang=fr","url":"http:\/\/jolitape.ca\/?page_id=703&lang=fr","name":"Industries que nous servons - JOLI","isPartOf":{"@id":"http:\/\/jolitape.ca\/#website"},"primaryImageOfPage":{"@id":"http:\/\/jolitape.ca\/?page_id=703&lang=fr#primaryimage"},"image":{"@id":"http:\/\/jolitape.ca\/?page_id=703&lang=fr#primaryimage"},"thumbnailUrl":"http:\/\/jolitape.ca\/wp-content\/uploads\/2016\/11\/I0000gQAPqGWiXxI-150x150.jpg","datePublished":"2016-11-26T23:59:58+00:00","dateModified":"2017-11-18T22:09:27+00:00","breadcrumb":{"@id":"http:\/\/jolitape.ca\/?page_id=703&lang=fr#breadcrumb"},"inLanguage":"en-US","potentialAction":[{"@type":"ReadAction","target":["http:\/\/jolitape.ca\/?page_id=703&lang=fr"]}]},{"@type":"ImageObject","inLanguage":"en-US","@id":"http:\/\/jolitape.ca\/?page_id=703&lang=fr#primaryimage","url":"http:\/\/jolitape.ca\/wp-content\/uploads\/2016\/11\/I0000gQAPqGWiXxI.jpg","contentUrl":"http:\/\/jolitape.ca\/wp-content\/uploads\/2016\/11\/I0000gQAPqGWiXxI.jpg","width":180,"height":180},{"@type":"BreadcrumbList","@id":"http:\/\/jolitape.ca\/?page_id=703&lang=fr#breadcrumb","itemListElement":[{"@type":"ListItem","position":1,"name":"Home","item":"http:\/\/jolitape.ca\/?page_id=102&lang=en"},{"@type":"ListItem","position":2,"name":"Industries que nous servons"}]},{"@type":"WebSite","@id":"http:\/\/jolitape.ca\/#website","url":"http:\/\/jolitape.ca\/","name":"JOLI","description":"Tapes and Adhesives Distributor &amp; Converter.","publisher":{"@id":"http:\/\/jolitape.ca\/#organization"},"alternateName":"Jolitape","potentialAction":[{"@type":"SearchAction","target":{"@type":"EntryPoint","urlTemplate":"http:\/\/jolitape.ca\/?s={search_term_string}"},"query-input":{"@type":"PropertyValueSpecification","valueRequired":true,"valueName":"search_term_string"}}],"inLanguage":"en-US"},{"@type":"Organization","@id":"http:\/\/jolitape.ca\/#organization","name":"JOLI","alternateName":"F. Hendel Distribution Inc.","url":"http:\/\/jolitape.ca\/","logo":{"@type":"ImageObject","inLanguage":"en-US","@id":"http:\/\/jolitape.ca\/#\/schema\/logo\/image\/","url":"http:\/\/jolitape.ca\/wp-content\/uploads\/2016\/09\/cropped-joli-logo_highres-1.jpg","contentUrl":"http:\/\/jolitape.ca\/wp-content\/uploads\/2016\/09\/cropped-joli-logo_highres-1.jpg","width":1092,"height":382,"caption":"JOLI"},"image":{"@id":"http:\/\/jolitape.ca\/#\/schema\/logo\/image\/"}}]}},"_links":{"self":[{"href":"http:\/\/jolitape.ca\/index.php?rest_route=\/wp\/v2\/pages\/703","targetHints":{"allow":["GET"]}}],"collection":[{"href":"http:\/\/jolitape.ca\/index.php?rest_route=\/wp\/v2\/pages"}],"about":[{"href":"http:\/\/jolitape.ca\/index.php?rest_route=\/wp\/v2\/types\/page"}],"author":[{"embeddable":true,"href":"http:\/\/jolitape.ca\/index.php?rest_route=\/wp\/v2\/users\/2"}],"replies":[{"embeddable":true,"href":"http:\/\/jolitape.ca\/index.php?rest_route=%2Fwp%2Fv2%2Fcomments&post=703"}],"version-history":[{"count":7,"href":"http:\/\/jolitape.ca\/index.php?rest_route=\/wp\/v2\/pages\/703\/revisions"}],"predecessor-version":[{"id":1012,"href":"http:\/\/jolitape.ca\/index.php?rest_route=\/wp\/v2\/pages\/703\/revisions\/1012"}],"wp:attachment":[{"href":"http:\/\/jolitape.ca\/index.php?rest_route=%2Fwp%2Fv2%2Fmedia&parent=703"}],"curies":[{"name":"wp","href":"https:\/\/api.w.org\/{rel}","templated":true}]}}