{"id":706,"date":"2016-11-27T00:03:53","date_gmt":"2016-11-27T00:03:53","guid":{"rendered":"http:\/\/jolitape.ca\/?page_id=706"},"modified":"2019-07-18T18:39:51","modified_gmt":"2019-07-18T18:39:51","slug":"aerospaciale","status":"publish","type":"page","link":"http:\/\/jolitape.ca\/?page_id=706&lang=fr","title":{"rendered":"Aerospaciale"},"content":{"rendered":"<p><strong><span style=\"color: #000080;\">Rubans<\/span> <span style=\"color: #ff0000;\">(disponible en formes et tailles sp\u00e9cialis\u00e9s)<\/span><\/strong><\/p>\n<table class=\"product-list\" border=\"0\" width=\"663\" cellspacing=\"0\" cellpadding=\"0\">\n<tbody>\n<tr>\n<td class=\"titleSm\" valign=\"top\" width=\"199\">\n<p style=\"text-align: left;\">\u2022 Feuille d&#8217;aluminium<\/p>\n<\/td>\n<td style=\"width: 483px;\">\n<p style=\"text-align: left;\">\u2022 Ruban de renfort (FAR 25.283)<\/p>\n<\/td>\n<\/tr>\n<tr>\n<td style=\"text-align: left;\" valign=\"top\"><span class=\"textMed\">\u2022 R<span class=\"scayt-misspell\" data-scaytid=\"17\" data-scayt_word=\"ruban\">uban<\/span> <span class=\"scayt-misspell\" data-scaytid=\"27\" data-scayt_word=\"compartiment\">compartiment<\/span> de charge <\/span><\/td>\n<td style=\"text-align: left;\" valign=\"top\"><span class=\"textMed\">\u2022 Collage composite <\/span><\/td>\n<\/tr>\n<tr>\n<td style=\"text-align: left;\" valign=\"top\"><span class=\"textMed\">\u2022 Toile <span class=\"scayt-misspell\" data-scaytid=\"29\" data-scayt_word=\"adh\u00e9sive\">adh\u00e9sive<\/span> <\/span><\/td>\n<td style=\"text-align: left;\" valign=\"top\"><span class=\"textMed\">\u2022 \u00c9<span class=\"scayt-misspell\" data-scaytid=\"31\" data-scayt_word=\"\u00e9lectriques\">lectriques<\/span> <\/span><\/td>\n<\/tr>\n<tr>\n<td style=\"text-align: left;\" valign=\"top\"><span class=\"textMed\">\u2022 F<span class=\"scayt-misspell\" data-scaytid=\"33\" data-scayt_word=\"fibre\">ibre<\/span> de <span class=\"scayt-misspell\" data-scaytid=\"35\" data-scayt_word=\"verre\">verre<\/span> <\/span><\/td>\n<td style=\"text-align: left;\" valign=\"top\"><span class=\"textMed\">\u2022 I<span class=\"scayt-misspell\" data-scaytid=\"37\" data-scayt_word=\"ignifuge\">gnifuge<\/span> <\/span><\/td>\n<\/tr>\n<tr>\n<td style=\"text-align: left;\" valign=\"top\"><span class=\"textMed\">\u2022 R<span class=\"scayt-misspell\" data-scaytid=\"19\" data-scayt_word=\"ruban\">uban<\/span> <span class=\"scayt-misspell\" data-scaytid=\"39\" data-scayt_word=\"\u00e0\">\u00e0<\/span> <span class=\"scayt-misspell\" data-scaytid=\"41\" data-scayt_word=\"gall\u00e9es\">gall\u00e9es<\/span> <\/span><\/td>\n<td style=\"text-align: left;\" valign=\"top\"><span class=\"textMed\">\u2022 R<span class=\"scayt-misspell\" data-scaytid=\"43\" data-scayt_word=\"r\u00e9fl\u00e9chisseur\">\u00e9fl\u00e9chisseur<\/span> de <span class=\"scayt-misspell\" data-scaytid=\"45\" data-scayt_word=\"chaleur\">chaleur<\/span> <\/span><\/td>\n<\/tr>\n<tr>\n<td style=\"text-align: left;\" valign=\"top\"><span class=\"textMed\">\u2022 T<span class=\"scayt-misspell\" data-scaytid=\"47\" data-scayt_word=\"temp\u00e9rature\">emp\u00e9rature<\/span> <span class=\"scayt-misspell\" data-scaytid=\"49\" data-scayt_word=\"\u00e9lev\u00e9e\">\u00e9lev\u00e9e<\/span> <\/span><\/td>\n<td style=\"text-align: left;\" valign=\"top\"><span class=\"textMed\">\u2022 D<span class=\"scayt-misspell\" data-scaytid=\"51\" data-scayt_word=\"d\u00e9gagement\">\u00e9gagement<\/span> <span class=\"scayt-misspell\" data-scaytid=\"53\" data-scayt_word=\"gazeux\">gazeux<\/span> <\/span><\/td>\n<\/tr>\n<tr>\n<td style=\"text-align: left;\" valign=\"top\"><span class=\"textMed\">\u2022 R<span class=\"scayt-misspell\" data-scaytid=\"21\" data-scayt_word=\"ruban\">uban<\/span> de <span class=\"scayt-misspell\" data-scaytid=\"55\" data-scayt_word=\"masquage\">masquage<\/span> <\/span><\/td>\n<td style=\"text-align: left;\" valign=\"top\"><span class=\"textMed\">\u2022 Jet plasma <span class=\"scayt-misspell\" data-scaytid=\"57\" data-scayt_word=\"thermique\">thermique<\/span> <\/span><\/td>\n<\/tr>\n<tr>\n<td style=\"text-align: left;\" valign=\"top\"><span class=\"textMed\">\u2022 S<span class=\"scayt-misspell\" data-scaytid=\"59\" data-scayt_word=\"satinage\">atinage<\/span>, <span class=\"scayt-misspell\" data-scaytid=\"61\" data-scayt_word=\"galvanisation\">galvanisation<\/span> <\/span><\/td>\n<td style=\"text-align: left;\" valign=\"top\"><span class=\"textMed\">\u2022 Jet de sable et <span class=\"scayt-misspell\" data-scaytid=\"63\" data-scayt_word=\"grenaillage\">grenaillage<\/span> <\/span><\/td>\n<\/tr>\n<tr>\n<td style=\"text-align: left;\" valign=\"top\"><span class=\"textMed\">\u2022 Absorption du son <\/span><\/td>\n<td style=\"text-align: left;\" valign=\"top\"><span class=\"textMed\">\u2022 R<span class=\"scayt-misspell\" data-scaytid=\"23\" data-scayt_word=\"ruban\">uban<\/span> <span class=\"scayt-misspell\" data-scaytid=\"65\" data-scayt_word=\"vitesse\">vitesse<\/span> <\/span><\/td>\n<\/tr>\n<tr>\n<td style=\"text-align: left;\" valign=\"top\"><span class=\"textMed\">\u2022 A<span class=\"scayt-misspell\" data-scaytid=\"67\" data-scayt_word=\"amortisseur\">mortisseur<\/span> de vibrations<\/span><\/td>\n<td style=\"text-align: left;\" valign=\"top\"><span class=\"textMed\">\u2022 M<span class=\"scayt-misspell\" data-scaytid=\"69\" data-scayt_word=\"marquage\">arquage<\/span> au <span class=\"scayt-misspell\" data-scaytid=\"71\" data-scayt_word=\"vinyle\">vinyle<\/span><\/span><\/td>\n<\/tr>\n<tr>\n<td style=\"text-align: left;\" valign=\"top\"><span class=\"textMed\">\u2022 P<span class=\"scayt-misspell\" data-scaytid=\"73\" data-scayt_word=\"pellicule\">ellicule<\/span> et <span class=\"scayt-misspell\" data-scaytid=\"75\" data-scayt_word=\"papier\">papier<\/span> de protection <\/span><\/td>\n<td style=\"text-align: left;\" valign=\"top\"><span class=\"textMed\">\u2022 A<span class=\"scayt-misspell\" data-scaytid=\"77\" data-scayt_word=\"antid\u00e9rapant\">ntid\u00e9rapant<\/span> <\/span><\/td>\n<\/tr>\n<tr>\n<td style=\"text-align: left;\" valign=\"top\"><span class=\"textMed\">\u2022 \u00ab F<span class=\"scayt-misspell\" data-scaytid=\"79\" data-scayt_word=\"flashbreaker\">lashbreaker<\/span> \u00bb bleu<\/span><\/td>\n<td style=\"text-align: left;\" valign=\"top\"><span class=\"textMed\">\u2022 PTFE<\/span><\/td>\n<\/tr>\n<\/tbody>\n<\/table>\n<p><span style=\"color: #000080;\"><strong>Composites<\/strong><\/span><\/p>\n<table class=\"product-list\" border=\"0\" width=\"663\" cellspacing=\"0\" cellpadding=\"0\">\n<tbody>\n<tr>\n<td class=\"titleSm\" valign=\"top\" width=\"199\">\n<p style=\"text-align: left;\">\u2022 Adh\u00e9sifs<\/p>\n<\/td>\n<td style=\"width: 483px;\">\n<p style=\"text-align: left;\">\u2022 Mat\u00e9riau d&#8217;enrobement<\/p>\n<\/td>\n<\/tr>\n<tr>\n<td style=\"text-align: left;\" valign=\"top\"><span class=\"textMed\">\u2022 \u00c9<span class=\"scayt-misspell\" data-scaytid=\"89\" data-scayt_word=\"\u00e9poxydes\">poxydes<\/span> <\/span><\/td>\n<td style=\"text-align: left;\" valign=\"top\"><span class=\"textMed\">\u2022 P<span class=\"scayt-misspell\" data-scaytid=\"91\" data-scayt_word=\"p\u00e2te\">\u00e2te<\/span> de <span class=\"scayt-misspell\" data-scaytid=\"93\" data-scayt_word=\"remplissage\">remplissage<\/span> <\/span><\/td>\n<\/tr>\n<tr>\n<td style=\"text-align: left;\" valign=\"top\"><span class=\"textMed\">\u2022 S<span class=\"scayt-misspell\" data-scaytid=\"95\" data-scayt_word=\"scellants\">cellants<\/span> <\/span><\/td>\n<td style=\"text-align: left;\" valign=\"top\"><span class=\"textMed\">\u2022 Silicones <\/span><\/td>\n<\/tr>\n<\/tbody>\n<\/table>\n<p><span style=\"color: #000080;\"><strong>Sp\u00e9cifications des Manufacturiers et Gouvernementales<\/strong><\/span><\/p>\n<table class=\"product-list\" border=\"0\" width=\"663\" cellspacing=\"0\" cellpadding=\"0\">\n<tbody>\n<tr>\n<td class=\"titleSm\" valign=\"top\" width=\"199\">\n<p style=\"text-align: left;\">\u2022 Pratt &amp; Whitney<\/p>\n<\/td>\n<td style=\"width: 483px;\">\n<p style=\"text-align: left;\">\u2022 Conforme aux normes militaires (MIL)<\/p>\n<\/td>\n<\/tr>\n<tr>\n<td style=\"text-align: left;\" valign=\"top\"><span class=\"textMed\">\u2022 B<span class=\"scayt-misspell\" data-scaytid=\"115\" data-scayt_word=\"boeing\">oeing<\/span> <\/span><\/td>\n<td style=\"text-align: left;\" valign=\"top\"><span class=\"textMed\">\u2022 Certification <span class=\"scayt-misspell\" data-scaytid=\"117\" data-scayt_word=\"ULC\">ULC<\/span> <\/span><\/td>\n<\/tr>\n<tr>\n<td style=\"text-align: left;\" valign=\"top\"><span class=\"textMed\"><span class=\"scayt-misspell\" data-scaytid=\"119\" data-scayt_word=\"\u2022mcdonnell\">\u2022Mcdonnell<\/span> Douglas <\/span><\/td>\n<td style=\"text-align: left;\" valign=\"top\"><span class=\"textMed\">\u2022 Certification <span class=\"scayt-misspell\" data-scaytid=\"121\" data-scayt_word=\"retarde\">retarde<\/span> <span class=\"scayt-misspell\" data-scaytid=\"123\" data-scayt_word=\"feu\">feu<\/span> (FAR part 25.853) <\/span><\/td>\n<\/tr>\n<tr>\n<td style=\"text-align: left;\" valign=\"top\"><span class=\"textMed\"><span class=\"scayt-misspell\" data-scaytid=\"125\" data-scayt_word=\"\u2022nasa\">\u2022NASA<\/span> <\/span><\/td>\n<td style=\"text-align: left;\" valign=\"top\"><span class=\"textMed\">\u2022 Certification <span class=\"scayt-misspell\" data-scaytid=\"127\" data-scayt_word=\"astm\">ASTM<\/span> <\/span><\/td>\n<\/tr>\n<tr>\n<td class=\"titleSm\" valign=\"top\" width=\"199\">\n<p style=\"text-align: left;\">\u2022Autres industries de pointe<\/p>\n<\/td>\n<td style=\"width: 483px;\"><\/td>\n<\/tr>\n<\/tbody>\n<\/table>\n<p><span style=\"color: #000000;\"><strong>Certification et traceabilit\u00e9 disponible<\/strong><\/span><\/p>\n","protected":false},"excerpt":{"rendered":"<p>Rubans (disponible en formes et tailles sp\u00e9cialis\u00e9s) \u2022 Feuille d&#8217;aluminium \u2022 Ruban de renfort (FAR 25.283) \u2022 Ruban compartiment de charge \u2022 Collage composite \u2022 Toile adh\u00e9sive \u2022 \u00c9lectriques \u2022 Fibre de verre \u2022 Ignifuge \u2022 Ruban \u00e0 gall\u00e9es \u2022 R\u00e9fl\u00e9chisseur de chaleur \u2022 Temp\u00e9rature \u00e9lev\u00e9e \u2022 D\u00e9gagement gazeux \u2022 Ruban de masquage \u2022 Jet<\/p>\n<p class=\"more-link\"><a href=\"http:\/\/jolitape.ca\/?page_id=706&#038;lang=fr\" class=\"themebutton2\">READ MORE<\/a><\/p>\n","protected":false},"author":2,"featured_media":0,"parent":703,"menu_order":0,"comment_status":"closed","ping_status":"closed","template":"","meta":{"footnotes":""},"class_list":["post-706","page","type-page","status-publish","hentry"],"yoast_head":"<!-- This site is optimized with the Yoast SEO plugin v27.3 - https:\/\/yoast.com\/product\/yoast-seo-wordpress\/ -->\n<title>Aerospaciale - JOLI<\/title>\n<meta name=\"robots\" content=\"index, follow, max-snippet:-1, max-image-preview:large, max-video-preview:-1\" \/>\n<link rel=\"canonical\" href=\"http:\/\/jolitape.ca\/?page_id=706&lang=fr\" \/>\n<meta property=\"og:locale\" content=\"en_US\" \/>\n<meta property=\"og:type\" content=\"article\" \/>\n<meta property=\"og:title\" content=\"Aerospaciale - JOLI\" \/>\n<meta property=\"og:description\" content=\"Rubans (disponible en formes et tailles sp\u00e9cialis\u00e9s) \u2022 Feuille d&#8217;aluminium \u2022 Ruban de renfort (FAR 25.283) \u2022 Ruban compartiment de charge \u2022 Collage composite \u2022 Toile adh\u00e9sive \u2022 \u00c9lectriques \u2022 Fibre de verre \u2022 Ignifuge \u2022 Ruban \u00e0 gall\u00e9es \u2022 R\u00e9fl\u00e9chisseur de chaleur \u2022 Temp\u00e9rature \u00e9lev\u00e9e \u2022 D\u00e9gagement gazeux \u2022 Ruban de masquage \u2022 JetREAD MORE\" \/>\n<meta property=\"og:url\" content=\"http:\/\/jolitape.ca\/?page_id=706&amp;lang=fr\" \/>\n<meta property=\"og:site_name\" content=\"JOLI\" \/>\n<meta property=\"article:modified_time\" content=\"2019-07-18T18:39:51+00:00\" \/>\n<meta name=\"twitter:card\" content=\"summary_large_image\" \/>\n<meta name=\"twitter:label1\" content=\"Est. reading time\" \/>\n\t<meta name=\"twitter:data1\" content=\"1 minute\" \/>\n<script type=\"application\/ld+json\" class=\"yoast-schema-graph\">{\"@context\":\"https:\\\/\\\/schema.org\",\"@graph\":[{\"@type\":\"WebPage\",\"@id\":\"http:\\\/\\\/jolitape.ca\\\/?page_id=706&lang=fr\",\"url\":\"http:\\\/\\\/jolitape.ca\\\/?page_id=706&lang=fr\",\"name\":\"Aerospaciale - JOLI\",\"isPartOf\":{\"@id\":\"http:\\\/\\\/jolitape.ca\\\/#website\"},\"datePublished\":\"2016-11-27T00:03:53+00:00\",\"dateModified\":\"2019-07-18T18:39:51+00:00\",\"breadcrumb\":{\"@id\":\"http:\\\/\\\/jolitape.ca\\\/?page_id=706&lang=fr#breadcrumb\"},\"inLanguage\":\"en-US\",\"potentialAction\":[{\"@type\":\"ReadAction\",\"target\":[\"http:\\\/\\\/jolitape.ca\\\/?page_id=706&lang=fr\"]}]},{\"@type\":\"BreadcrumbList\",\"@id\":\"http:\\\/\\\/jolitape.ca\\\/?page_id=706&lang=fr#breadcrumb\",\"itemListElement\":[{\"@type\":\"ListItem\",\"position\":1,\"name\":\"Home\",\"item\":\"http:\\\/\\\/jolitape.ca\\\/?page_id=102&lang=en\"},{\"@type\":\"ListItem\",\"position\":2,\"name\":\"Industries que nous servons\",\"item\":\"http:\\\/\\\/jolitape.ca\\\/?page_id=703&lang=fr\"},{\"@type\":\"ListItem\",\"position\":3,\"name\":\"Aerospaciale\"}]},{\"@type\":\"WebSite\",\"@id\":\"http:\\\/\\\/jolitape.ca\\\/#website\",\"url\":\"http:\\\/\\\/jolitape.ca\\\/\",\"name\":\"JOLI\",\"description\":\"Tapes and Adhesives Distributor &amp; Converter.\",\"publisher\":{\"@id\":\"http:\\\/\\\/jolitape.ca\\\/#organization\"},\"alternateName\":\"Jolitape\",\"potentialAction\":[{\"@type\":\"SearchAction\",\"target\":{\"@type\":\"EntryPoint\",\"urlTemplate\":\"http:\\\/\\\/jolitape.ca\\\/?s={search_term_string}\"},\"query-input\":{\"@type\":\"PropertyValueSpecification\",\"valueRequired\":true,\"valueName\":\"search_term_string\"}}],\"inLanguage\":\"en-US\"},{\"@type\":\"Organization\",\"@id\":\"http:\\\/\\\/jolitape.ca\\\/#organization\",\"name\":\"JOLI\",\"alternateName\":\"F. Hendel Distribution Inc.\",\"url\":\"http:\\\/\\\/jolitape.ca\\\/\",\"logo\":{\"@type\":\"ImageObject\",\"inLanguage\":\"en-US\",\"@id\":\"http:\\\/\\\/jolitape.ca\\\/#\\\/schema\\\/logo\\\/image\\\/\",\"url\":\"http:\\\/\\\/jolitape.ca\\\/wp-content\\\/uploads\\\/2016\\\/09\\\/cropped-joli-logo_highres-1.jpg\",\"contentUrl\":\"http:\\\/\\\/jolitape.ca\\\/wp-content\\\/uploads\\\/2016\\\/09\\\/cropped-joli-logo_highres-1.jpg\",\"width\":1092,\"height\":382,\"caption\":\"JOLI\"},\"image\":{\"@id\":\"http:\\\/\\\/jolitape.ca\\\/#\\\/schema\\\/logo\\\/image\\\/\"}}]}<\/script>\n<!-- \/ Yoast SEO plugin. -->","yoast_head_json":{"title":"Aerospaciale - JOLI","robots":{"index":"index","follow":"follow","max-snippet":"max-snippet:-1","max-image-preview":"max-image-preview:large","max-video-preview":"max-video-preview:-1"},"canonical":"http:\/\/jolitape.ca\/?page_id=706&lang=fr","og_locale":"en_US","og_type":"article","og_title":"Aerospaciale - JOLI","og_description":"Rubans (disponible en formes et tailles sp\u00e9cialis\u00e9s) \u2022 Feuille d&#8217;aluminium \u2022 Ruban de renfort (FAR 25.283) \u2022 Ruban compartiment de charge \u2022 Collage composite \u2022 Toile adh\u00e9sive \u2022 \u00c9lectriques \u2022 Fibre de verre \u2022 Ignifuge \u2022 Ruban \u00e0 gall\u00e9es \u2022 R\u00e9fl\u00e9chisseur de chaleur \u2022 Temp\u00e9rature \u00e9lev\u00e9e \u2022 D\u00e9gagement gazeux \u2022 Ruban de masquage \u2022 JetREAD MORE","og_url":"http:\/\/jolitape.ca\/?page_id=706&lang=fr","og_site_name":"JOLI","article_modified_time":"2019-07-18T18:39:51+00:00","twitter_card":"summary_large_image","twitter_misc":{"Est. reading time":"1 minute"},"schema":{"@context":"https:\/\/schema.org","@graph":[{"@type":"WebPage","@id":"http:\/\/jolitape.ca\/?page_id=706&lang=fr","url":"http:\/\/jolitape.ca\/?page_id=706&lang=fr","name":"Aerospaciale - JOLI","isPartOf":{"@id":"http:\/\/jolitape.ca\/#website"},"datePublished":"2016-11-27T00:03:53+00:00","dateModified":"2019-07-18T18:39:51+00:00","breadcrumb":{"@id":"http:\/\/jolitape.ca\/?page_id=706&lang=fr#breadcrumb"},"inLanguage":"en-US","potentialAction":[{"@type":"ReadAction","target":["http:\/\/jolitape.ca\/?page_id=706&lang=fr"]}]},{"@type":"BreadcrumbList","@id":"http:\/\/jolitape.ca\/?page_id=706&lang=fr#breadcrumb","itemListElement":[{"@type":"ListItem","position":1,"name":"Home","item":"http:\/\/jolitape.ca\/?page_id=102&lang=en"},{"@type":"ListItem","position":2,"name":"Industries que nous servons","item":"http:\/\/jolitape.ca\/?page_id=703&lang=fr"},{"@type":"ListItem","position":3,"name":"Aerospaciale"}]},{"@type":"WebSite","@id":"http:\/\/jolitape.ca\/#website","url":"http:\/\/jolitape.ca\/","name":"JOLI","description":"Tapes and Adhesives Distributor &amp; Converter.","publisher":{"@id":"http:\/\/jolitape.ca\/#organization"},"alternateName":"Jolitape","potentialAction":[{"@type":"SearchAction","target":{"@type":"EntryPoint","urlTemplate":"http:\/\/jolitape.ca\/?s={search_term_string}"},"query-input":{"@type":"PropertyValueSpecification","valueRequired":true,"valueName":"search_term_string"}}],"inLanguage":"en-US"},{"@type":"Organization","@id":"http:\/\/jolitape.ca\/#organization","name":"JOLI","alternateName":"F. Hendel Distribution Inc.","url":"http:\/\/jolitape.ca\/","logo":{"@type":"ImageObject","inLanguage":"en-US","@id":"http:\/\/jolitape.ca\/#\/schema\/logo\/image\/","url":"http:\/\/jolitape.ca\/wp-content\/uploads\/2016\/09\/cropped-joli-logo_highres-1.jpg","contentUrl":"http:\/\/jolitape.ca\/wp-content\/uploads\/2016\/09\/cropped-joli-logo_highres-1.jpg","width":1092,"height":382,"caption":"JOLI"},"image":{"@id":"http:\/\/jolitape.ca\/#\/schema\/logo\/image\/"}}]}},"_links":{"self":[{"href":"http:\/\/jolitape.ca\/index.php?rest_route=\/wp\/v2\/pages\/706","targetHints":{"allow":["GET"]}}],"collection":[{"href":"http:\/\/jolitape.ca\/index.php?rest_route=\/wp\/v2\/pages"}],"about":[{"href":"http:\/\/jolitape.ca\/index.php?rest_route=\/wp\/v2\/types\/page"}],"author":[{"embeddable":true,"href":"http:\/\/jolitape.ca\/index.php?rest_route=\/wp\/v2\/users\/2"}],"replies":[{"embeddable":true,"href":"http:\/\/jolitape.ca\/index.php?rest_route=%2Fwp%2Fv2%2Fcomments&post=706"}],"version-history":[{"count":3,"href":"http:\/\/jolitape.ca\/index.php?rest_route=\/wp\/v2\/pages\/706\/revisions"}],"predecessor-version":[{"id":1071,"href":"http:\/\/jolitape.ca\/index.php?rest_route=\/wp\/v2\/pages\/706\/revisions\/1071"}],"up":[{"embeddable":true,"href":"http:\/\/jolitape.ca\/index.php?rest_route=\/wp\/v2\/pages\/703"}],"wp:attachment":[{"href":"http:\/\/jolitape.ca\/index.php?rest_route=%2Fwp%2Fv2%2Fmedia&parent=706"}],"curies":[{"name":"wp","href":"https:\/\/api.w.org\/{rel}","templated":true}]}}