{"id":718,"date":"2016-11-27T00:15:49","date_gmt":"2016-11-27T00:15:49","guid":{"rendered":"http:\/\/jolitape.ca\/?page_id=718"},"modified":"2019-07-18T18:31:04","modified_gmt":"2019-07-18T18:31:04","slug":"industriel","status":"publish","type":"page","link":"http:\/\/jolitape.ca\/?page_id=718&lang=fr","title":{"rendered":"Industriel"},"content":{"rendered":"<p><span style=\"color: #000080;\"><strong>Rubans <span style=\"color: #ff0000;\">(disponible en formes et tailles sp\u00e9cialis\u00e9s)<\/span><br \/>\n<\/strong><\/span><\/p>\n<table class=\"product-list\" border=\"0\" width=\"663\" cellspacing=\"0\" cellpadding=\"0\">\n<tbody>\n<tr>\n<td class=\"titleSm\" style=\"text-align: left;\" valign=\"top\" width=\"199\">Types d\u2019adh\u00e9sifs<\/td>\n<td class=\"textMed\" style=\"text-align: left;\" valign=\"top\" width=\"492\">\u2022 acrylique \u2022 &#8220;hot melt&#8221; \u2022 silicone \u2022 caoutchouc \u2022 polyur\u00e9thane<\/td>\n<\/tr>\n<tr>\n<td class=\"titleSm\" style=\"text-align: left;\" valign=\"top\" width=\"180\">Certification<\/td>\n<td class=\"textMed\" style=\"text-align: left;\" valign=\"top\" width=\"492\">\u2022 UL \u2022 CSA \u2022 spec mil \u2022 governemental \u2022 FAR \u2022 ASTM \u2022 spec du manufacturier \u2022 d\u00e9gazement<\/td>\n<\/tr>\n<\/tbody>\n<\/table>\n<table class=\"product-list\" border=\"0\" width=\"663\" cellspacing=\"0\" cellpadding=\"0\">\n<tbody>\n<tr>\n<td class=\"titleSm\" valign=\"top\" width=\"199\">\n<p style=\"text-align: left;\">\u2022 A transfert adh\u00e9sif<br \/>\n\u2022 Anti-d\u00e9rapant<br \/>\n\u2022 Barri\u00e8re \/ barricade<br \/>\n\u2022 Empaquetement \u2013 avec et sans d\u2019adh\u00e9sif<br \/>\n\u2022 Toile \u2013 color\u00e9, fini mat<\/p>\n<\/td>\n<td style=\"width: 483px;\">\n<p style=\"text-align: left;\">\u2022 Amortisseur<br \/>\n\u2022 Double face \u2013 permanent, temporaire<br \/>\n\u2022 Toile (&#8220;duct&#8221;)<br \/>\n\u2022 Isolant \u00e9lectrique<br \/>\n\u2022 Filament<\/p>\n<\/td>\n<\/tr>\n<tr>\n<td class=\"titleSm\" valign=\"top\" width=\"199\">\n<p style=\"text-align: left;\">\u2022 Ignifug\u00e9<br \/>\n\u2022 Mousse<br \/>\n\u2022 Haute temp\u00e9rature<br \/>\n\u2022 Crochet et boucle<\/p>\n<\/td>\n<td style=\"width: 483px;\">\n<p style=\"text-align: left;\">\u2022 Ruban \u00e0 masquer<br \/>\n\u2022 Marquage \u2013 couleur vari\u00e9, en bandes<br \/>\n\u2022 Feuille m\u00e9tallis\u00e9 -aluminium, cuivre, plomb<br \/>\n\u2022 Emballage<\/p>\n<\/td>\n<\/tr>\n<tr>\n<td class=\"titleSm\" valign=\"top\" width=\"199\">\n<p style=\"text-align: left;\">\u2022 Protective &#8211; p\u00e9llicule, papier<br \/>\n\u2022 R\u00e9fl\u00e9chissant<br \/>\n\u2022 Caoutchouc<br \/>\n\u2022 Bande de scellage<\/p>\n<\/td>\n<td style=\"width: 483px;\">\n<p style=\"text-align: left;\">\u2022 Ruban \u00e0 joindre<br \/>\n\u2022 PTFE<br \/>\n\u2022 Ruban de filetage de tuyauterie (normes militaire et governemental)<br \/>\n\u2022 Vinyle<\/p>\n<\/td>\n<\/tr>\n<\/tbody>\n<\/table>\n<p><span style=\"color: #000080;\"><strong>Plastiques<\/strong><\/span><\/p>\n<table class=\"product-list\" border=\"0\" width=\"663\" cellspacing=\"0\" cellpadding=\"0\">\n<tbody>\n<tr>\n<td class=\"titleSm\" valign=\"top\" width=\"199\">\n<p style=\"text-align: left;\">\u2022 Sacs \u2013 grandeur, couleurs, fda, imprim\u00e9s<br \/>\n\u2022 Housse d\u2019\u00e9quipement \u2013 sur mesure<br \/>\n\u2022 Sacs de poubelles \u2013 color\u00e9, en rouleau<br \/>\n\u2022 P\u00e9llicule d\u2019emballage de palette<br \/>\n\u2022 Imprim\u00e9<br \/>\n\u2022 PVC<\/p>\n<\/td>\n<td style=\"width: 483px;\">\n<p style=\"text-align: left;\">\u2022 P\u00e9llicule r\u00e9tr\u00e9cissable<br \/>\n\u2022 Antistatique<br \/>\n\u2022 Gaines tubulaire<br \/>\n\u2022 Mat\u00e9riaux pare-vapeur<br \/>\n\u2022 Ordres de travail \/ poches de production<br \/>\n\u2022 Sacs a fermeture par pression et glissi\u00e8re<\/p>\n<\/td>\n<\/tr>\n<\/tbody>\n<\/table>\n<p><span style=\"color: #000080;\"><strong>Produits Compl\u00e9mentaires<\/strong><\/span><\/p>\n<table class=\"product-list\" border=\"0\" width=\"663\" cellspacing=\"0\" cellpadding=\"0\">\n<tbody>\n<tr>\n<td class=\"titleSm\" valign=\"top\" width=\"199\">\n<p style=\"text-align: left;\">\u2022 Attache de c\u00e2bles<br \/>\n\u2022 Produits amortissants<br \/>\n\u2022 Unit\u00e9 de d\u00e9tection de chaleur<br \/>\n\u2022 Crochet et boucles<br \/>\n\u2022 Manchon thermo r\u00e9tractable<br \/>\n\u2022 Adh\u00e9sifs liquides<\/p>\n<\/td>\n<td style=\"width: 483px;\">\n<p style=\"text-align: left;\">\u2022 Absorbant d\u2019huile<br \/>\n\u2022 Mat\u00e9riaux d\u2019emballages<br \/>\n\u2022 Trousse d\u2019\u00e9pissure<br \/>\n\u2022 Adh\u00e9sif en a\u00e9rosol<br \/>\n\u2022 D\u00e9vidoirs de ruban<br \/>\n\u2022 Marqueurs de c\u00e2ble<\/p>\n<\/td>\n<\/tr>\n<\/tbody>\n<\/table>\n","protected":false},"excerpt":{"rendered":"<p>Rubans (disponible en formes et tailles sp\u00e9cialis\u00e9s) Types d\u2019adh\u00e9sifs \u2022 acrylique \u2022 &#8220;hot melt&#8221; \u2022 silicone \u2022 caoutchouc \u2022 polyur\u00e9thane Certification \u2022 UL \u2022 CSA \u2022 spec mil \u2022 governemental \u2022 FAR \u2022 ASTM \u2022 spec du manufacturier \u2022 d\u00e9gazement \u2022 A transfert adh\u00e9sif \u2022 Anti-d\u00e9rapant \u2022 Barri\u00e8re \/ barricade \u2022 Empaquetement \u2013 avec et<\/p>\n<p class=\"more-link\"><a href=\"http:\/\/jolitape.ca\/?page_id=718&#038;lang=fr\" class=\"themebutton2\">READ MORE<\/a><\/p>\n","protected":false},"author":2,"featured_media":0,"parent":703,"menu_order":0,"comment_status":"closed","ping_status":"closed","template":"","meta":{"footnotes":""},"class_list":["post-718","page","type-page","status-publish","hentry"],"yoast_head":"<!-- This site is optimized with the Yoast SEO plugin v27.3 - https:\/\/yoast.com\/product\/yoast-seo-wordpress\/ -->\n<title>Industriel - JOLI<\/title>\n<meta name=\"robots\" content=\"index, follow, max-snippet:-1, max-image-preview:large, max-video-preview:-1\" \/>\n<link rel=\"canonical\" href=\"http:\/\/jolitape.ca\/?page_id=718&lang=fr\" \/>\n<meta property=\"og:locale\" content=\"en_US\" \/>\n<meta property=\"og:type\" content=\"article\" \/>\n<meta property=\"og:title\" content=\"Industriel - JOLI\" \/>\n<meta property=\"og:description\" content=\"Rubans (disponible en formes et tailles sp\u00e9cialis\u00e9s) Types d\u2019adh\u00e9sifs \u2022 acrylique \u2022 &#8220;hot melt&#8221; \u2022 silicone \u2022 caoutchouc \u2022 polyur\u00e9thane Certification \u2022 UL \u2022 CSA \u2022 spec mil \u2022 governemental \u2022 FAR \u2022 ASTM \u2022 spec du manufacturier \u2022 d\u00e9gazement \u2022 A transfert adh\u00e9sif \u2022 Anti-d\u00e9rapant \u2022 Barri\u00e8re \/ barricade \u2022 Empaquetement \u2013 avec etREAD MORE\" \/>\n<meta property=\"og:url\" content=\"http:\/\/jolitape.ca\/?page_id=718&amp;lang=fr\" \/>\n<meta property=\"og:site_name\" content=\"JOLI\" \/>\n<meta property=\"article:modified_time\" content=\"2019-07-18T18:31:04+00:00\" \/>\n<meta name=\"twitter:card\" content=\"summary_large_image\" \/>\n<meta name=\"twitter:label1\" content=\"Est. reading time\" \/>\n\t<meta name=\"twitter:data1\" content=\"1 minute\" \/>\n<script type=\"application\/ld+json\" class=\"yoast-schema-graph\">{\"@context\":\"https:\\\/\\\/schema.org\",\"@graph\":[{\"@type\":\"WebPage\",\"@id\":\"http:\\\/\\\/jolitape.ca\\\/?page_id=718&lang=fr\",\"url\":\"http:\\\/\\\/jolitape.ca\\\/?page_id=718&lang=fr\",\"name\":\"Industriel - JOLI\",\"isPartOf\":{\"@id\":\"http:\\\/\\\/jolitape.ca\\\/#website\"},\"datePublished\":\"2016-11-27T00:15:49+00:00\",\"dateModified\":\"2019-07-18T18:31:04+00:00\",\"breadcrumb\":{\"@id\":\"http:\\\/\\\/jolitape.ca\\\/?page_id=718&lang=fr#breadcrumb\"},\"inLanguage\":\"en-US\",\"potentialAction\":[{\"@type\":\"ReadAction\",\"target\":[\"http:\\\/\\\/jolitape.ca\\\/?page_id=718&lang=fr\"]}]},{\"@type\":\"BreadcrumbList\",\"@id\":\"http:\\\/\\\/jolitape.ca\\\/?page_id=718&lang=fr#breadcrumb\",\"itemListElement\":[{\"@type\":\"ListItem\",\"position\":1,\"name\":\"Home\",\"item\":\"http:\\\/\\\/jolitape.ca\\\/?page_id=102&lang=en\"},{\"@type\":\"ListItem\",\"position\":2,\"name\":\"Industries que nous servons\",\"item\":\"http:\\\/\\\/jolitape.ca\\\/?page_id=703&lang=fr\"},{\"@type\":\"ListItem\",\"position\":3,\"name\":\"Industriel\"}]},{\"@type\":\"WebSite\",\"@id\":\"http:\\\/\\\/jolitape.ca\\\/#website\",\"url\":\"http:\\\/\\\/jolitape.ca\\\/\",\"name\":\"JOLI\",\"description\":\"Tapes and Adhesives Distributor &amp; Converter.\",\"publisher\":{\"@id\":\"http:\\\/\\\/jolitape.ca\\\/#organization\"},\"alternateName\":\"Jolitape\",\"potentialAction\":[{\"@type\":\"SearchAction\",\"target\":{\"@type\":\"EntryPoint\",\"urlTemplate\":\"http:\\\/\\\/jolitape.ca\\\/?s={search_term_string}\"},\"query-input\":{\"@type\":\"PropertyValueSpecification\",\"valueRequired\":true,\"valueName\":\"search_term_string\"}}],\"inLanguage\":\"en-US\"},{\"@type\":\"Organization\",\"@id\":\"http:\\\/\\\/jolitape.ca\\\/#organization\",\"name\":\"JOLI\",\"alternateName\":\"F. Hendel Distribution Inc.\",\"url\":\"http:\\\/\\\/jolitape.ca\\\/\",\"logo\":{\"@type\":\"ImageObject\",\"inLanguage\":\"en-US\",\"@id\":\"http:\\\/\\\/jolitape.ca\\\/#\\\/schema\\\/logo\\\/image\\\/\",\"url\":\"http:\\\/\\\/jolitape.ca\\\/wp-content\\\/uploads\\\/2016\\\/09\\\/cropped-joli-logo_highres-1.jpg\",\"contentUrl\":\"http:\\\/\\\/jolitape.ca\\\/wp-content\\\/uploads\\\/2016\\\/09\\\/cropped-joli-logo_highres-1.jpg\",\"width\":1092,\"height\":382,\"caption\":\"JOLI\"},\"image\":{\"@id\":\"http:\\\/\\\/jolitape.ca\\\/#\\\/schema\\\/logo\\\/image\\\/\"}}]}<\/script>\n<!-- \/ Yoast SEO plugin. -->","yoast_head_json":{"title":"Industriel - JOLI","robots":{"index":"index","follow":"follow","max-snippet":"max-snippet:-1","max-image-preview":"max-image-preview:large","max-video-preview":"max-video-preview:-1"},"canonical":"http:\/\/jolitape.ca\/?page_id=718&lang=fr","og_locale":"en_US","og_type":"article","og_title":"Industriel - JOLI","og_description":"Rubans (disponible en formes et tailles sp\u00e9cialis\u00e9s) Types d\u2019adh\u00e9sifs \u2022 acrylique \u2022 &#8220;hot melt&#8221; \u2022 silicone \u2022 caoutchouc \u2022 polyur\u00e9thane Certification \u2022 UL \u2022 CSA \u2022 spec mil \u2022 governemental \u2022 FAR \u2022 ASTM \u2022 spec du manufacturier \u2022 d\u00e9gazement \u2022 A transfert adh\u00e9sif \u2022 Anti-d\u00e9rapant \u2022 Barri\u00e8re \/ barricade \u2022 Empaquetement \u2013 avec etREAD MORE","og_url":"http:\/\/jolitape.ca\/?page_id=718&lang=fr","og_site_name":"JOLI","article_modified_time":"2019-07-18T18:31:04+00:00","twitter_card":"summary_large_image","twitter_misc":{"Est. reading time":"1 minute"},"schema":{"@context":"https:\/\/schema.org","@graph":[{"@type":"WebPage","@id":"http:\/\/jolitape.ca\/?page_id=718&lang=fr","url":"http:\/\/jolitape.ca\/?page_id=718&lang=fr","name":"Industriel - JOLI","isPartOf":{"@id":"http:\/\/jolitape.ca\/#website"},"datePublished":"2016-11-27T00:15:49+00:00","dateModified":"2019-07-18T18:31:04+00:00","breadcrumb":{"@id":"http:\/\/jolitape.ca\/?page_id=718&lang=fr#breadcrumb"},"inLanguage":"en-US","potentialAction":[{"@type":"ReadAction","target":["http:\/\/jolitape.ca\/?page_id=718&lang=fr"]}]},{"@type":"BreadcrumbList","@id":"http:\/\/jolitape.ca\/?page_id=718&lang=fr#breadcrumb","itemListElement":[{"@type":"ListItem","position":1,"name":"Home","item":"http:\/\/jolitape.ca\/?page_id=102&lang=en"},{"@type":"ListItem","position":2,"name":"Industries que nous servons","item":"http:\/\/jolitape.ca\/?page_id=703&lang=fr"},{"@type":"ListItem","position":3,"name":"Industriel"}]},{"@type":"WebSite","@id":"http:\/\/jolitape.ca\/#website","url":"http:\/\/jolitape.ca\/","name":"JOLI","description":"Tapes and Adhesives Distributor &amp; Converter.","publisher":{"@id":"http:\/\/jolitape.ca\/#organization"},"alternateName":"Jolitape","potentialAction":[{"@type":"SearchAction","target":{"@type":"EntryPoint","urlTemplate":"http:\/\/jolitape.ca\/?s={search_term_string}"},"query-input":{"@type":"PropertyValueSpecification","valueRequired":true,"valueName":"search_term_string"}}],"inLanguage":"en-US"},{"@type":"Organization","@id":"http:\/\/jolitape.ca\/#organization","name":"JOLI","alternateName":"F. Hendel Distribution Inc.","url":"http:\/\/jolitape.ca\/","logo":{"@type":"ImageObject","inLanguage":"en-US","@id":"http:\/\/jolitape.ca\/#\/schema\/logo\/image\/","url":"http:\/\/jolitape.ca\/wp-content\/uploads\/2016\/09\/cropped-joli-logo_highres-1.jpg","contentUrl":"http:\/\/jolitape.ca\/wp-content\/uploads\/2016\/09\/cropped-joli-logo_highres-1.jpg","width":1092,"height":382,"caption":"JOLI"},"image":{"@id":"http:\/\/jolitape.ca\/#\/schema\/logo\/image\/"}}]}},"_links":{"self":[{"href":"http:\/\/jolitape.ca\/index.php?rest_route=\/wp\/v2\/pages\/718","targetHints":{"allow":["GET"]}}],"collection":[{"href":"http:\/\/jolitape.ca\/index.php?rest_route=\/wp\/v2\/pages"}],"about":[{"href":"http:\/\/jolitape.ca\/index.php?rest_route=\/wp\/v2\/types\/page"}],"author":[{"embeddable":true,"href":"http:\/\/jolitape.ca\/index.php?rest_route=\/wp\/v2\/users\/2"}],"replies":[{"embeddable":true,"href":"http:\/\/jolitape.ca\/index.php?rest_route=%2Fwp%2Fv2%2Fcomments&post=718"}],"version-history":[{"count":3,"href":"http:\/\/jolitape.ca\/index.php?rest_route=\/wp\/v2\/pages\/718\/revisions"}],"predecessor-version":[{"id":1055,"href":"http:\/\/jolitape.ca\/index.php?rest_route=\/wp\/v2\/pages\/718\/revisions\/1055"}],"up":[{"embeddable":true,"href":"http:\/\/jolitape.ca\/index.php?rest_route=\/wp\/v2\/pages\/703"}],"wp:attachment":[{"href":"http:\/\/jolitape.ca\/index.php?rest_route=%2Fwp%2Fv2%2Fmedia&parent=718"}],"curies":[{"name":"wp","href":"https:\/\/api.w.org\/{rel}","templated":true}]}}