{"id":727,"date":"2016-11-27T00:25:01","date_gmt":"2016-11-27T00:25:01","guid":{"rendered":"http:\/\/jolitape.ca\/?page_id=727"},"modified":"2016-11-27T19:31:09","modified_gmt":"2016-11-27T19:31:09","slug":"fabrication-denseignes","status":"publish","type":"page","link":"http:\/\/jolitape.ca\/?page_id=727&lang=fr","title":{"rendered":"Fabrication d&#8217;enseignes"},"content":{"rendered":"<p><span style=\"color: #000080;\"><strong>Rubans <span style=\"color: #ff0000;\">(disponible en formes et tailles sp\u00e9cialis\u00e9s)<\/span><br \/>\n<\/strong><\/span><\/p>\n<table class=\"product-list\" border=\"0\" width=\"663\" cellspacing=\"0\" cellpadding=\"0\">\n<tbody>\n<tr><!--Left hand cell--><\/p>\n<td class=\"titleSm\" valign=\"top\" width=\"199\">\n<p style=\"text-align: left;\">Transfert adh\u00e9sif<\/p>\n<\/td>\n<p><!--Right hand cell--><\/p>\n<td style=\"width: 483px;\">\n<p style=\"text-align: left;\">\u2022 adh\u00e9sif stratifie \u2022 rev\u00eatements lourds \u2022 application sans plis<br \/>\n\u2022 teinte color\u00e9 \u2022 permanent \u2022 repositionable \u2022 haute\/bas adh\u00e9sion<br \/>\n\u2022 rev\u00eatements prolong\u00e9 \u2022 amovible \u2022 collage structural<br \/>\n\u2022 optiquement incolore<\/p>\n<\/td>\n<\/tr>\n<tr>\n<td class=\"titleSm\" valign=\"top\" width=\"199\">\n<p style=\"text-align: left;\">Tissu<\/p>\n<\/td>\n<p><!--Right hand cell--><\/p>\n<td style=\"width: 483px;\">\n<p style=\"text-align: left;\">\u2022 gaffers \u2022 enduit de poly \u2022 couleurs divers \u2022 classes vari\u00e9<\/p>\n<\/td>\n<\/tr>\n<tr>\n<td class=\"titleSm\" valign=\"top\" width=\"199\">\n<p style=\"text-align: left;\">\u00c9lectrique<\/p>\n<\/td>\n<p><!--Right hand cell--><\/p>\n<td style=\"width: 483px;\">\n<p style=\"text-align: left;\">\u2022 haute voltage \u2022 \u00e9pissage \u2022 etiquetage de couleur<br \/>\n\u2022 r\u00e9sistant aux intemp\u00e9ries \u2022 application temps froid<\/p>\n<\/td>\n<\/tr>\n<tr>\n<td class=\"titleSm\" valign=\"top\" width=\"199\">\n<p style=\"text-align: left;\">Pellicule<\/p>\n<\/td>\n<p><!--Right hand cell--><\/p>\n<td style=\"width: 483px;\">\n<p style=\"text-align: left;\">\u2022 lithographe \u2022 non jaunissant \u2022 protection \u2022 exterieur<br \/>\n\u2022 stratifie \u2022 ultra incolore \u2022 masquage \u2022 incolore pr\u00e9-masquage<\/p>\n<\/td>\n<\/tr>\n<tr>\n<td class=\"titleSm\" valign=\"top\" width=\"199\">\n<p style=\"text-align: left;\">Mousse<\/p>\n<\/td>\n<p><!--Right hand cell--><\/p>\n<td style=\"width: 483px;\">\n<p style=\"text-align: left;\">\u2022 tr\u00e8s haute adhesion (VHB) \u2022 haute\/bas adh\u00e9sion \u2022 \u00e9paisseur divers \u2022 repositionable<br \/>\n\u2022 non jaunissant \u2022 remplacement de soudure \u2022 collage \u2022 simple rev\u00eatement \u2022 joint d\u2019\u00e9tanch\u00e9it\u00e9<br \/>\n\u2022 permanent \u2022 enl\u00e8ve proprement \u2022 collage a chaud \u2022 resistant aux dissolvent<br \/>\n\u2022 joint d\u2019\u00e9tanch\u00e9it\u00e9 contre l\u2019humidite \u2022 surface irregulier \u2022 r\u00e9sistant aux produits chimiques<br \/>\n\u2022 haute temperature \u2022 cellule ouvert\/ferm\u00e9 \u2022 amortisseur de vibration<\/p>\n<\/td>\n<\/tr>\n<tr>\n<td class=\"titleSm\" valign=\"top\" width=\"199\">\n<p style=\"text-align: left;\">Application g\u00e9n\u00e9ral<\/p>\n<\/td>\n<p><!--Right hand cell--><\/p>\n<td style=\"width: 483px;\">\n<p style=\"text-align: left;\">\u2022 marquage de couleur \u2022 masquage \u2022 sceller les cartons<br \/>\n\u2022 toile \u2022 ultra transparent \u2022 r\u00e9fl\u00e9chissant \u2022 cerclage<\/p>\n<\/td>\n<\/tr>\n<tr>\n<td class=\"titleSm\" valign=\"top\" width=\"199\">\n<p style=\"text-align: left;\">Magn\u00e9tisez<\/p>\n<\/td>\n<p><!--Right hand cell--><\/p>\n<td style=\"width: 483px;\">\n<p style=\"text-align: left;\">\u2022 \u00e9paisseurs diverses \u2022 avec \/ sans adh\u00e9sif<\/p>\n<\/td>\n<\/tr>\n<tr>\n<td class=\"titleSm\" valign=\"top\" width=\"199\">\n<p style=\"text-align: left;\">Ruban de masquage<\/p>\n<\/td>\n<p><!--Right hand cell--><\/p>\n<td style=\"width: 483px;\">\n<p style=\"text-align: left;\">\u2022 peinture \u2022 demontable \u2022 double face \u2022 bas adh\u00e9sion<br \/>\n\u2022 emplacement multiple \u2022 pr\u00e9-masquage \u2022 application sp\u00e9cifique<\/p>\n<\/td>\n<\/tr>\n<tr>\n<td class=\"titleSm\" valign=\"top\" width=\"199\">\n<p style=\"text-align: left;\">Protection<\/p>\n<\/td>\n<p><!--Right hand cell--><\/p>\n<td style=\"width: 483px;\">\n<p style=\"text-align: left;\">\u2022 bas adhesion \u2022 teinte \u2022 sablage au jet \u2022 sans residu \u2022 masquage<br \/>\n\u2022 papier \u2022 pellicule \u2022 PVC \u2022 plastique \u2022 li\u00e8ge\/caoutchouc<\/p>\n<\/td>\n<\/tr>\n<tr>\n<td class=\"titleSm\" valign=\"top\" width=\"199\">\n<p style=\"text-align: left;\">Caoutchouc<\/p>\n<\/td>\n<p><!--Right hand cell--><\/p>\n<td style=\"width: 483px;\">\n<p style=\"text-align: left;\">\u2022 d\u00e9capage \u2022 sablage au jet \u2022 li\u00e8ge\/caoutchouc \u2022 pied<\/p>\n<\/td>\n<\/tr>\n<tr>\n<td class=\"titleSm\" valign=\"top\" width=\"199\">\n<p style=\"text-align: left;\">Vinyle<\/p>\n<\/td>\n<p><!--Right hand cell--><\/p>\n<td style=\"width: 483px;\">\n<p style=\"text-align: left;\">marquage de couleur \u2022cerclage \u2022 maintien \u2022 protection<\/p>\n<\/td>\n<\/tr>\n<\/tbody>\n<\/table>\n<p><span style=\"color: #000080;\"><strong>Accessories<\/strong><\/span><\/p>\n<table class=\"product-list\" border=\"0\" width=\"663\" cellspacing=\"0\" cellpadding=\"0\">\n<tbody>\n<tr><!--Left hand cell--><\/p>\n<td class=\"titleSm\" valign=\"top\" width=\"199\">\n<p style=\"text-align: left;\">Attache de c\u00e2ble<\/p>\n<\/td>\n<p><!--Right hand cell--><\/p>\n<td style=\"width: 483px;\">\n<p style=\"text-align: left;\">\u2022 acier inoxydable \u2022 trou de montage \u2022 identification \u2022 declencheur \u2022 color\u00e9<br \/>\n\u2022 nylon \u2022 crochet et boucle \u2022 plastique \u2022 pellicule de cable<\/p>\n<\/td>\n<\/tr>\n<tr>\n<td class=\"titleSm\" valign=\"top\" width=\"199\">\n<p style=\"text-align: left;\">Materiel amortisseur<\/p>\n<\/td>\n<p><!--Right hand cell--><\/p>\n<td style=\"width: 483px;\">\n<p style=\"text-align: left;\">\u2022 \u201cbumpons\u201d \u2022 rubans \u2022 mousse \u2022 li\u00e8ge\/caoutchouc<\/p>\n<\/td>\n<\/tr>\n<tr>\n<td class=\"titleSm\" valign=\"top\" width=\"199\">\n<p style=\"text-align: left;\">Devidoirs<\/p>\n<\/td>\n<p><!--Right hand cell--><\/p>\n<td style=\"width: 483px;\">\n<p style=\"text-align: left;\">\u2022 transfert d\u2019adh\u00e9sif \u2022 de bureau \u2022 automatique \u2022 impulsion<\/p>\n<\/td>\n<\/tr>\n<tr>\n<td class=\"titleSm\" valign=\"top\" width=\"199\">\n<p style=\"text-align: left;\">Attache renfermable<\/p>\n<\/td>\n<p><!--Right hand cell--><\/p>\n<td style=\"width: 483px;\">\n<p style=\"text-align: left;\">\u2022 crochet et boucle \u2022 plastique\u2013t\u00eate de champignon \/ fl\u00e8che \u2022 color\u00e9<\/p>\n<\/td>\n<\/tr>\n<tr>\n<td class=\"titleSm\" valign=\"top\" width=\"199\">\n<p style=\"text-align: left;\">Adh\u00e9sif en a\u00e9rosols<\/p>\n<\/td>\n<td style=\"width: 483px;\">\n<p style=\"text-align: left;\">\u2022 adh\u00e9sif de montage photo \u2022 adh\u00e9sion rapide \u2022 haute performance<\/p>\n<\/td>\n<\/tr>\n<\/tbody>\n<\/table>\n","protected":false},"excerpt":{"rendered":"<p>Rubans (disponible en formes et tailles sp\u00e9cialis\u00e9s) Transfert adh\u00e9sif \u2022 adh\u00e9sif stratifie \u2022 rev\u00eatements lourds \u2022 application sans plis \u2022 teinte color\u00e9 \u2022 permanent \u2022 repositionable \u2022 haute\/bas adh\u00e9sion \u2022 rev\u00eatements prolong\u00e9 \u2022 amovible \u2022 collage structural \u2022 optiquement incolore Tissu \u2022 gaffers \u2022 enduit de poly \u2022 couleurs divers \u2022 classes vari\u00e9 \u00c9lectrique \u2022<\/p>\n<p class=\"more-link\"><a href=\"http:\/\/jolitape.ca\/?page_id=727&#038;lang=fr\" class=\"themebutton2\">READ MORE<\/a><\/p>\n","protected":false},"author":2,"featured_media":0,"parent":703,"menu_order":0,"comment_status":"closed","ping_status":"closed","template":"","meta":{"footnotes":""},"class_list":["post-727","page","type-page","status-publish","hentry"],"yoast_head":"<!-- This site is optimized with the Yoast SEO plugin v27.3 - https:\/\/yoast.com\/product\/yoast-seo-wordpress\/ -->\n<title>Fabrication d&#039;enseignes - JOLI<\/title>\n<meta name=\"robots\" content=\"index, follow, max-snippet:-1, max-image-preview:large, max-video-preview:-1\" \/>\n<link rel=\"canonical\" href=\"http:\/\/jolitape.ca\/?page_id=727&lang=fr\" \/>\n<meta property=\"og:locale\" content=\"en_US\" \/>\n<meta property=\"og:type\" content=\"article\" \/>\n<meta property=\"og:title\" content=\"Fabrication d&#039;enseignes - JOLI\" \/>\n<meta property=\"og:description\" content=\"Rubans (disponible en formes et tailles sp\u00e9cialis\u00e9s) Transfert adh\u00e9sif \u2022 adh\u00e9sif stratifie \u2022 rev\u00eatements lourds \u2022 application sans plis \u2022 teinte color\u00e9 \u2022 permanent \u2022 repositionable \u2022 haute\/bas adh\u00e9sion \u2022 rev\u00eatements prolong\u00e9 \u2022 amovible \u2022 collage structural \u2022 optiquement incolore Tissu \u2022 gaffers \u2022 enduit de poly \u2022 couleurs divers \u2022 classes vari\u00e9 \u00c9lectrique \u2022READ MORE\" \/>\n<meta property=\"og:url\" content=\"http:\/\/jolitape.ca\/?page_id=727&amp;lang=fr\" \/>\n<meta property=\"og:site_name\" content=\"JOLI\" \/>\n<meta property=\"article:modified_time\" content=\"2016-11-27T19:31:09+00:00\" \/>\n<meta name=\"twitter:card\" content=\"summary_large_image\" \/>\n<meta name=\"twitter:label1\" content=\"Est. reading time\" \/>\n\t<meta name=\"twitter:data1\" content=\"1 minute\" \/>\n<script type=\"application\/ld+json\" class=\"yoast-schema-graph\">{\"@context\":\"https:\\\/\\\/schema.org\",\"@graph\":[{\"@type\":\"WebPage\",\"@id\":\"http:\\\/\\\/jolitape.ca\\\/?page_id=727&lang=fr\",\"url\":\"http:\\\/\\\/jolitape.ca\\\/?page_id=727&lang=fr\",\"name\":\"Fabrication d'enseignes - JOLI\",\"isPartOf\":{\"@id\":\"http:\\\/\\\/jolitape.ca\\\/#website\"},\"datePublished\":\"2016-11-27T00:25:01+00:00\",\"dateModified\":\"2016-11-27T19:31:09+00:00\",\"breadcrumb\":{\"@id\":\"http:\\\/\\\/jolitape.ca\\\/?page_id=727&lang=fr#breadcrumb\"},\"inLanguage\":\"en-US\",\"potentialAction\":[{\"@type\":\"ReadAction\",\"target\":[\"http:\\\/\\\/jolitape.ca\\\/?page_id=727&lang=fr\"]}]},{\"@type\":\"BreadcrumbList\",\"@id\":\"http:\\\/\\\/jolitape.ca\\\/?page_id=727&lang=fr#breadcrumb\",\"itemListElement\":[{\"@type\":\"ListItem\",\"position\":1,\"name\":\"Home\",\"item\":\"http:\\\/\\\/jolitape.ca\\\/?page_id=102&lang=en\"},{\"@type\":\"ListItem\",\"position\":2,\"name\":\"Industries que nous servons\",\"item\":\"http:\\\/\\\/jolitape.ca\\\/?page_id=703&lang=fr\"},{\"@type\":\"ListItem\",\"position\":3,\"name\":\"Fabrication d&#8217;enseignes\"}]},{\"@type\":\"WebSite\",\"@id\":\"http:\\\/\\\/jolitape.ca\\\/#website\",\"url\":\"http:\\\/\\\/jolitape.ca\\\/\",\"name\":\"JOLI\",\"description\":\"Tapes and Adhesives Distributor &amp; Converter.\",\"publisher\":{\"@id\":\"http:\\\/\\\/jolitape.ca\\\/#organization\"},\"alternateName\":\"Jolitape\",\"potentialAction\":[{\"@type\":\"SearchAction\",\"target\":{\"@type\":\"EntryPoint\",\"urlTemplate\":\"http:\\\/\\\/jolitape.ca\\\/?s={search_term_string}\"},\"query-input\":{\"@type\":\"PropertyValueSpecification\",\"valueRequired\":true,\"valueName\":\"search_term_string\"}}],\"inLanguage\":\"en-US\"},{\"@type\":\"Organization\",\"@id\":\"http:\\\/\\\/jolitape.ca\\\/#organization\",\"name\":\"JOLI\",\"alternateName\":\"F. Hendel Distribution Inc.\",\"url\":\"http:\\\/\\\/jolitape.ca\\\/\",\"logo\":{\"@type\":\"ImageObject\",\"inLanguage\":\"en-US\",\"@id\":\"http:\\\/\\\/jolitape.ca\\\/#\\\/schema\\\/logo\\\/image\\\/\",\"url\":\"http:\\\/\\\/jolitape.ca\\\/wp-content\\\/uploads\\\/2016\\\/09\\\/cropped-joli-logo_highres-1.jpg\",\"contentUrl\":\"http:\\\/\\\/jolitape.ca\\\/wp-content\\\/uploads\\\/2016\\\/09\\\/cropped-joli-logo_highres-1.jpg\",\"width\":1092,\"height\":382,\"caption\":\"JOLI\"},\"image\":{\"@id\":\"http:\\\/\\\/jolitape.ca\\\/#\\\/schema\\\/logo\\\/image\\\/\"}}]}<\/script>\n<!-- \/ Yoast SEO plugin. -->","yoast_head_json":{"title":"Fabrication d'enseignes - JOLI","robots":{"index":"index","follow":"follow","max-snippet":"max-snippet:-1","max-image-preview":"max-image-preview:large","max-video-preview":"max-video-preview:-1"},"canonical":"http:\/\/jolitape.ca\/?page_id=727&lang=fr","og_locale":"en_US","og_type":"article","og_title":"Fabrication d'enseignes - JOLI","og_description":"Rubans (disponible en formes et tailles sp\u00e9cialis\u00e9s) Transfert adh\u00e9sif \u2022 adh\u00e9sif stratifie \u2022 rev\u00eatements lourds \u2022 application sans plis \u2022 teinte color\u00e9 \u2022 permanent \u2022 repositionable \u2022 haute\/bas adh\u00e9sion \u2022 rev\u00eatements prolong\u00e9 \u2022 amovible \u2022 collage structural \u2022 optiquement incolore Tissu \u2022 gaffers \u2022 enduit de poly \u2022 couleurs divers \u2022 classes vari\u00e9 \u00c9lectrique \u2022READ MORE","og_url":"http:\/\/jolitape.ca\/?page_id=727&lang=fr","og_site_name":"JOLI","article_modified_time":"2016-11-27T19:31:09+00:00","twitter_card":"summary_large_image","twitter_misc":{"Est. reading time":"1 minute"},"schema":{"@context":"https:\/\/schema.org","@graph":[{"@type":"WebPage","@id":"http:\/\/jolitape.ca\/?page_id=727&lang=fr","url":"http:\/\/jolitape.ca\/?page_id=727&lang=fr","name":"Fabrication d'enseignes - JOLI","isPartOf":{"@id":"http:\/\/jolitape.ca\/#website"},"datePublished":"2016-11-27T00:25:01+00:00","dateModified":"2016-11-27T19:31:09+00:00","breadcrumb":{"@id":"http:\/\/jolitape.ca\/?page_id=727&lang=fr#breadcrumb"},"inLanguage":"en-US","potentialAction":[{"@type":"ReadAction","target":["http:\/\/jolitape.ca\/?page_id=727&lang=fr"]}]},{"@type":"BreadcrumbList","@id":"http:\/\/jolitape.ca\/?page_id=727&lang=fr#breadcrumb","itemListElement":[{"@type":"ListItem","position":1,"name":"Home","item":"http:\/\/jolitape.ca\/?page_id=102&lang=en"},{"@type":"ListItem","position":2,"name":"Industries que nous servons","item":"http:\/\/jolitape.ca\/?page_id=703&lang=fr"},{"@type":"ListItem","position":3,"name":"Fabrication d&#8217;enseignes"}]},{"@type":"WebSite","@id":"http:\/\/jolitape.ca\/#website","url":"http:\/\/jolitape.ca\/","name":"JOLI","description":"Tapes and Adhesives Distributor &amp; Converter.","publisher":{"@id":"http:\/\/jolitape.ca\/#organization"},"alternateName":"Jolitape","potentialAction":[{"@type":"SearchAction","target":{"@type":"EntryPoint","urlTemplate":"http:\/\/jolitape.ca\/?s={search_term_string}"},"query-input":{"@type":"PropertyValueSpecification","valueRequired":true,"valueName":"search_term_string"}}],"inLanguage":"en-US"},{"@type":"Organization","@id":"http:\/\/jolitape.ca\/#organization","name":"JOLI","alternateName":"F. Hendel Distribution Inc.","url":"http:\/\/jolitape.ca\/","logo":{"@type":"ImageObject","inLanguage":"en-US","@id":"http:\/\/jolitape.ca\/#\/schema\/logo\/image\/","url":"http:\/\/jolitape.ca\/wp-content\/uploads\/2016\/09\/cropped-joli-logo_highres-1.jpg","contentUrl":"http:\/\/jolitape.ca\/wp-content\/uploads\/2016\/09\/cropped-joli-logo_highres-1.jpg","width":1092,"height":382,"caption":"JOLI"},"image":{"@id":"http:\/\/jolitape.ca\/#\/schema\/logo\/image\/"}}]}},"_links":{"self":[{"href":"http:\/\/jolitape.ca\/index.php?rest_route=\/wp\/v2\/pages\/727","targetHints":{"allow":["GET"]}}],"collection":[{"href":"http:\/\/jolitape.ca\/index.php?rest_route=\/wp\/v2\/pages"}],"about":[{"href":"http:\/\/jolitape.ca\/index.php?rest_route=\/wp\/v2\/types\/page"}],"author":[{"embeddable":true,"href":"http:\/\/jolitape.ca\/index.php?rest_route=\/wp\/v2\/users\/2"}],"replies":[{"embeddable":true,"href":"http:\/\/jolitape.ca\/index.php?rest_route=%2Fwp%2Fv2%2Fcomments&post=727"}],"version-history":[{"count":2,"href":"http:\/\/jolitape.ca\/index.php?rest_route=\/wp\/v2\/pages\/727\/revisions"}],"predecessor-version":[{"id":768,"href":"http:\/\/jolitape.ca\/index.php?rest_route=\/wp\/v2\/pages\/727\/revisions\/768"}],"up":[{"embeddable":true,"href":"http:\/\/jolitape.ca\/index.php?rest_route=\/wp\/v2\/pages\/703"}],"wp:attachment":[{"href":"http:\/\/jolitape.ca\/index.php?rest_route=%2Fwp%2Fv2%2Fmedia&parent=727"}],"curies":[{"name":"wp","href":"https:\/\/api.w.org\/{rel}","templated":true}]}}