{"id":737,"date":"2016-11-27T00:40:05","date_gmt":"2016-11-27T00:40:05","guid":{"rendered":"http:\/\/jolitape.ca\/?page_id=737"},"modified":"2016-11-27T00:40:05","modified_gmt":"2016-11-27T00:40:05","slug":"sacs-et-pellicules","status":"publish","type":"page","link":"http:\/\/jolitape.ca\/?page_id=737&lang=fr","title":{"rendered":"Sacs et Pellicules"},"content":{"rendered":"<p><span style=\"color: #000080;\"><strong>Sacs<\/strong><\/span><\/p>\n<table class=\"product-list\" border=\"0\" width=\"663\" cellspacing=\"0\" cellpadding=\"0\">\n<tbody>\n<tr>\n<td class=\"titleSm\" valign=\"top\" width=\"199\">\n<p style=\"text-align: left;\">Sur mesure\u2014tous les types<\/p>\n<\/td>\n<td style=\"width: 483px;\">\n<p style=\"text-align: left;\">\u2022 grandeur  \u2022 \u00e9paisseurs \u2022 couleurs \u2022 impressions \u2022 trous<br \/>\n\u2022 poign\u00e9es\u2022 parfum\u00e9<\/span>  \u2022 joint inf\u00e9rieur ou lat\u00e9ral<\/p>\n<\/td>\n<\/tr>\n<tr>\n<td class=\"titleSm\" style=\"text-align: left;\" valign=\"top\">Gousset<\/td>\n<td class=\"textMed\" style=\"text-align: left;\" valign=\"top\">\u2022 fond \u2022 c\u00f4t\u00e9<\/td>\n<\/tr>\n<tr>\n<td class=\"titleSm\" style=\"text-align: left;\" valign=\"top\">R\u00e9sistant d\u2019humidit\u00e9<\/td>\n<td class=\"textMed\" style=\"text-align: left;\" valign=\"top\">\u2022 poches \u2022 sacs<\/td>\n<\/tr>\n<tr>\n<td class=\"titleSm\" style=\"text-align: left;\" valign=\"top\">PVC<\/td>\n<td class=\"textMed\" style=\"text-align: left;\" valign=\"top\">\u2022 poches \u2022 production \u2022 sacs<\/td>\n<\/tr>\n<tr>\n<td class=\"titleSm\" style=\"text-align: left;\" valign=\"top\">Statique<\/td>\n<td class=\"textMed\" style=\"text-align: left;\" valign=\"top\">\u2022 transparent \u2022 rose \u2022 bleu \u2022 argent (m\u00e9talis\u00e9)<br \/>\n\u2022 fermeture par pression \u2022 noir<\/td>\n<\/tr>\n<tr>\n<td class=\"titleSm\" style=\"text-align: left;\" valign=\"top\">Housse<\/td>\n<td class=\"textMed\" style=\"text-align: left;\" valign=\"top\">\u2022 grandeur sur mesure \u2022 mat\u00e9riel sur commande \u2022 imprim\u00e9<\/td>\n<\/tr>\n<tr>\n<td class=\"titleSm\" style=\"text-align: left;\" valign=\"top\">FDA<\/td>\n<td class=\"textMed\" style=\"text-align: left;\" valign=\"top\">\u2022 mat\u00e9riel us\u00e9s certifi\u00e9 pure<\/td>\n<\/tr>\n<tr>\n<td class=\"titleSm\" style=\"text-align: left;\" valign=\"top\">Fermeture par pression<\/td>\n<td class=\"textMed\" style=\"text-align: left;\" valign=\"top\">\u2022 antistatique \u2022 bloc a \u00e9crire \u2022 grandeur sur mesure<\/td>\n<\/tr>\n<tr>\n<td class=\"titleSm\" style=\"text-align: left;\" valign=\"top\">Security<\/td>\n<td class=\"textMed\" style=\"text-align: left;\" valign=\"top\">\u2022 preuve de bourreur \u2022 bourreur \u00e9vident \u2022 class\u00e9 \u2022 imprim\u00e9<br \/>\n\u2022 d\u00e9p\u00f4ts en banque \u2022 sacs de transfert<\/td>\n<\/tr>\n<tr>\n<td class=\"titleSm\" style=\"text-align: left;\" valign=\"top\">Poches<\/td>\n<td class=\"textMed\" style=\"text-align: left;\" valign=\"top\">\u2022 polyester \u2022 nylon \u2022 pvc \u2022 ordre de travail<\/td>\n<\/tr>\n<tr>\n<td class=\"titleSm\" style=\"text-align: left;\" valign=\"top\">Poly-sacs<\/td>\n<td class=\"textMed\" style=\"text-align: left;\" valign=\"top\">\u2022 rouleau \u2022 en bo\u00eete \u2022 salle propre<\/td>\n<\/tr>\n<\/tbody>\n<\/table>\n<p><span style=\"color: #000080;\"><strong>Pellicules<\/strong><\/span><\/p>\n<table class=\"product-list\" border=\"0\" width=\"663\" cellspacing=\"0\" cellpadding=\"0\">\n<tbody>\n<tr>\n<td class=\"titleSm\" valign=\"top\" width=\"199\">\n<p style=\"text-align: left;\">Recouvrement<\/p>\n<\/td>\n<td style=\"width: 483px;\">\n<p style=\"text-align: left;\">\u2022 largeur et \u00e9paisseur sur mesure<\/p>\n<\/td>\n<\/tr>\n<tr>\n<td class=\"titleSm\" style=\"text-align: left;\" valign=\"top\">Tuyau<\/td>\n<td class=\"textMed\" style=\"text-align: left;\" valign=\"top\">\u2022 statique \u2022 poly \u2022 largeur et \u00e9paisseur sur mesure<\/td>\n<\/tr>\n<tr>\n<td class=\"titleSm\" style=\"text-align: left;\" valign=\"top\">Pare-vapeur<\/td>\n<td class=\"textMed\" style=\"text-align: left;\" valign=\"top\">\u2022 rouleaux de construction \u2022 diverses \u00e9paisseurs<\/td>\n<\/tr>\n<tr>\n<td class=\"titleSm\" style=\"text-align: left;\" valign=\"top\">Pellicule thermo-r\u00e9tr\u00e9cissable<\/td>\n<td class=\"textMed\" valign=\"top\"><\/td>\n<\/tr>\n<tr>\n<td class=\"titleSm\" style=\"text-align: left;\" valign=\"top\">Bleu \/ blanc poly r\u00e9tr\u00e9cissable<\/td>\n<td class=\"textMed\" style=\"text-align: left;\" valign=\"top\">\u2022 marine et protection des machines<\/td>\n<\/tr>\n<tr>\n<td class=\"titleSm\" style=\"text-align: left;\" valign=\"top\">Poly\u00e9thyl\u00e8ne<\/td>\n<td class=\"textMed\" style=\"text-align: left;\" valign=\"top\">\u2022 haut et bas densit\u00e9<\/span> \u2022 classe alimentaire<\/td>\n<\/tr>\n<tr>\n<td class=\"titleSm\" style=\"text-align: left;\" valign=\"top\">Statique<\/td>\n<td class=\"textMed\" style=\"text-align: left;\" valign=\"top\">\u2022 blacstat \u2022 velostat \u2022 rose \u2022 transparent \u2022 m\u00e9tallis\u00e9<\/td>\n<\/tr>\n<\/tbody>\n<\/table>\n","protected":false},"excerpt":{"rendered":"<p>Sacs Sur mesure\u2014tous les types \u2022 grandeur \u2022 \u00e9paisseurs \u2022 couleurs \u2022 impressions \u2022 trous \u2022 poign\u00e9es\u2022 parfum\u00e9 \u2022 joint inf\u00e9rieur ou lat\u00e9ral Gousset \u2022 fond \u2022 c\u00f4t\u00e9 R\u00e9sistant d\u2019humidit\u00e9 \u2022 poches \u2022 sacs PVC \u2022 poches \u2022 production \u2022 sacs Statique \u2022 transparent \u2022 rose \u2022 bleu \u2022 argent (m\u00e9talis\u00e9) \u2022 fermeture par pression<\/p>\n<p class=\"more-link\"><a href=\"http:\/\/jolitape.ca\/?page_id=737&#038;lang=fr\" class=\"themebutton2\">READ MORE<\/a><\/p>\n","protected":false},"author":2,"featured_media":0,"parent":734,"menu_order":0,"comment_status":"closed","ping_status":"closed","template":"","meta":{"footnotes":""},"class_list":["post-737","page","type-page","status-publish","hentry"],"yoast_head":"<!-- This site is optimized with the Yoast SEO plugin v27.3 - https:\/\/yoast.com\/product\/yoast-seo-wordpress\/ -->\n<title>Sacs et Pellicules - JOLI<\/title>\n<meta name=\"robots\" content=\"index, follow, max-snippet:-1, max-image-preview:large, max-video-preview:-1\" \/>\n<link rel=\"canonical\" href=\"http:\/\/jolitape.ca\/?page_id=737&lang=fr\" \/>\n<meta property=\"og:locale\" content=\"en_US\" \/>\n<meta property=\"og:type\" content=\"article\" \/>\n<meta property=\"og:title\" content=\"Sacs et Pellicules - JOLI\" \/>\n<meta property=\"og:description\" content=\"Sacs Sur mesure\u2014tous les types \u2022 grandeur \u2022 \u00e9paisseurs \u2022 couleurs \u2022 impressions \u2022 trous \u2022 poign\u00e9es\u2022 parfum\u00e9 \u2022 joint inf\u00e9rieur ou lat\u00e9ral Gousset \u2022 fond \u2022 c\u00f4t\u00e9 R\u00e9sistant d\u2019humidit\u00e9 \u2022 poches \u2022 sacs PVC \u2022 poches \u2022 production \u2022 sacs Statique \u2022 transparent \u2022 rose \u2022 bleu \u2022 argent (m\u00e9talis\u00e9) \u2022 fermeture par pressionREAD MORE\" \/>\n<meta property=\"og:url\" content=\"http:\/\/jolitape.ca\/?page_id=737&amp;lang=fr\" \/>\n<meta property=\"og:site_name\" content=\"JOLI\" \/>\n<meta name=\"twitter:card\" content=\"summary_large_image\" \/>\n<meta name=\"twitter:label1\" content=\"Est. reading time\" \/>\n\t<meta name=\"twitter:data1\" content=\"1 minute\" \/>\n<script type=\"application\/ld+json\" class=\"yoast-schema-graph\">{\"@context\":\"https:\\\/\\\/schema.org\",\"@graph\":[{\"@type\":\"WebPage\",\"@id\":\"http:\\\/\\\/jolitape.ca\\\/?page_id=737&lang=fr\",\"url\":\"http:\\\/\\\/jolitape.ca\\\/?page_id=737&lang=fr\",\"name\":\"Sacs et Pellicules - JOLI\",\"isPartOf\":{\"@id\":\"http:\\\/\\\/jolitape.ca\\\/#website\"},\"datePublished\":\"2016-11-27T00:40:05+00:00\",\"breadcrumb\":{\"@id\":\"http:\\\/\\\/jolitape.ca\\\/?page_id=737&lang=fr#breadcrumb\"},\"inLanguage\":\"en-US\",\"potentialAction\":[{\"@type\":\"ReadAction\",\"target\":[\"http:\\\/\\\/jolitape.ca\\\/?page_id=737&lang=fr\"]}]},{\"@type\":\"BreadcrumbList\",\"@id\":\"http:\\\/\\\/jolitape.ca\\\/?page_id=737&lang=fr#breadcrumb\",\"itemListElement\":[{\"@type\":\"ListItem\",\"position\":1,\"name\":\"Home\",\"item\":\"http:\\\/\\\/jolitape.ca\\\/?page_id=102&lang=en\"},{\"@type\":\"ListItem\",\"position\":2,\"name\":\"Nos produits\",\"item\":\"http:\\\/\\\/jolitape.ca\\\/?page_id=734&lang=fr\"},{\"@type\":\"ListItem\",\"position\":3,\"name\":\"Sacs et Pellicules\"}]},{\"@type\":\"WebSite\",\"@id\":\"http:\\\/\\\/jolitape.ca\\\/#website\",\"url\":\"http:\\\/\\\/jolitape.ca\\\/\",\"name\":\"JOLI\",\"description\":\"Tapes and Adhesives Distributor &amp; Converter.\",\"publisher\":{\"@id\":\"http:\\\/\\\/jolitape.ca\\\/#organization\"},\"alternateName\":\"Jolitape\",\"potentialAction\":[{\"@type\":\"SearchAction\",\"target\":{\"@type\":\"EntryPoint\",\"urlTemplate\":\"http:\\\/\\\/jolitape.ca\\\/?s={search_term_string}\"},\"query-input\":{\"@type\":\"PropertyValueSpecification\",\"valueRequired\":true,\"valueName\":\"search_term_string\"}}],\"inLanguage\":\"en-US\"},{\"@type\":\"Organization\",\"@id\":\"http:\\\/\\\/jolitape.ca\\\/#organization\",\"name\":\"JOLI\",\"alternateName\":\"F. Hendel Distribution Inc.\",\"url\":\"http:\\\/\\\/jolitape.ca\\\/\",\"logo\":{\"@type\":\"ImageObject\",\"inLanguage\":\"en-US\",\"@id\":\"http:\\\/\\\/jolitape.ca\\\/#\\\/schema\\\/logo\\\/image\\\/\",\"url\":\"http:\\\/\\\/jolitape.ca\\\/wp-content\\\/uploads\\\/2016\\\/09\\\/cropped-joli-logo_highres-1.jpg\",\"contentUrl\":\"http:\\\/\\\/jolitape.ca\\\/wp-content\\\/uploads\\\/2016\\\/09\\\/cropped-joli-logo_highres-1.jpg\",\"width\":1092,\"height\":382,\"caption\":\"JOLI\"},\"image\":{\"@id\":\"http:\\\/\\\/jolitape.ca\\\/#\\\/schema\\\/logo\\\/image\\\/\"}}]}<\/script>\n<!-- \/ Yoast SEO plugin. -->","yoast_head_json":{"title":"Sacs et Pellicules - JOLI","robots":{"index":"index","follow":"follow","max-snippet":"max-snippet:-1","max-image-preview":"max-image-preview:large","max-video-preview":"max-video-preview:-1"},"canonical":"http:\/\/jolitape.ca\/?page_id=737&lang=fr","og_locale":"en_US","og_type":"article","og_title":"Sacs et Pellicules - JOLI","og_description":"Sacs Sur mesure\u2014tous les types \u2022 grandeur \u2022 \u00e9paisseurs \u2022 couleurs \u2022 impressions \u2022 trous \u2022 poign\u00e9es\u2022 parfum\u00e9 \u2022 joint inf\u00e9rieur ou lat\u00e9ral Gousset \u2022 fond \u2022 c\u00f4t\u00e9 R\u00e9sistant d\u2019humidit\u00e9 \u2022 poches \u2022 sacs PVC \u2022 poches \u2022 production \u2022 sacs Statique \u2022 transparent \u2022 rose \u2022 bleu \u2022 argent (m\u00e9talis\u00e9) \u2022 fermeture par pressionREAD MORE","og_url":"http:\/\/jolitape.ca\/?page_id=737&lang=fr","og_site_name":"JOLI","twitter_card":"summary_large_image","twitter_misc":{"Est. reading time":"1 minute"},"schema":{"@context":"https:\/\/schema.org","@graph":[{"@type":"WebPage","@id":"http:\/\/jolitape.ca\/?page_id=737&lang=fr","url":"http:\/\/jolitape.ca\/?page_id=737&lang=fr","name":"Sacs et Pellicules - JOLI","isPartOf":{"@id":"http:\/\/jolitape.ca\/#website"},"datePublished":"2016-11-27T00:40:05+00:00","breadcrumb":{"@id":"http:\/\/jolitape.ca\/?page_id=737&lang=fr#breadcrumb"},"inLanguage":"en-US","potentialAction":[{"@type":"ReadAction","target":["http:\/\/jolitape.ca\/?page_id=737&lang=fr"]}]},{"@type":"BreadcrumbList","@id":"http:\/\/jolitape.ca\/?page_id=737&lang=fr#breadcrumb","itemListElement":[{"@type":"ListItem","position":1,"name":"Home","item":"http:\/\/jolitape.ca\/?page_id=102&lang=en"},{"@type":"ListItem","position":2,"name":"Nos produits","item":"http:\/\/jolitape.ca\/?page_id=734&lang=fr"},{"@type":"ListItem","position":3,"name":"Sacs et Pellicules"}]},{"@type":"WebSite","@id":"http:\/\/jolitape.ca\/#website","url":"http:\/\/jolitape.ca\/","name":"JOLI","description":"Tapes and Adhesives Distributor &amp; Converter.","publisher":{"@id":"http:\/\/jolitape.ca\/#organization"},"alternateName":"Jolitape","potentialAction":[{"@type":"SearchAction","target":{"@type":"EntryPoint","urlTemplate":"http:\/\/jolitape.ca\/?s={search_term_string}"},"query-input":{"@type":"PropertyValueSpecification","valueRequired":true,"valueName":"search_term_string"}}],"inLanguage":"en-US"},{"@type":"Organization","@id":"http:\/\/jolitape.ca\/#organization","name":"JOLI","alternateName":"F. Hendel Distribution Inc.","url":"http:\/\/jolitape.ca\/","logo":{"@type":"ImageObject","inLanguage":"en-US","@id":"http:\/\/jolitape.ca\/#\/schema\/logo\/image\/","url":"http:\/\/jolitape.ca\/wp-content\/uploads\/2016\/09\/cropped-joli-logo_highres-1.jpg","contentUrl":"http:\/\/jolitape.ca\/wp-content\/uploads\/2016\/09\/cropped-joli-logo_highres-1.jpg","width":1092,"height":382,"caption":"JOLI"},"image":{"@id":"http:\/\/jolitape.ca\/#\/schema\/logo\/image\/"}}]}},"_links":{"self":[{"href":"http:\/\/jolitape.ca\/index.php?rest_route=\/wp\/v2\/pages\/737","targetHints":{"allow":["GET"]}}],"collection":[{"href":"http:\/\/jolitape.ca\/index.php?rest_route=\/wp\/v2\/pages"}],"about":[{"href":"http:\/\/jolitape.ca\/index.php?rest_route=\/wp\/v2\/types\/page"}],"author":[{"embeddable":true,"href":"http:\/\/jolitape.ca\/index.php?rest_route=\/wp\/v2\/users\/2"}],"replies":[{"embeddable":true,"href":"http:\/\/jolitape.ca\/index.php?rest_route=%2Fwp%2Fv2%2Fcomments&post=737"}],"version-history":[{"count":2,"href":"http:\/\/jolitape.ca\/index.php?rest_route=\/wp\/v2\/pages\/737\/revisions"}],"predecessor-version":[{"id":739,"href":"http:\/\/jolitape.ca\/index.php?rest_route=\/wp\/v2\/pages\/737\/revisions\/739"}],"up":[{"embeddable":true,"href":"http:\/\/jolitape.ca\/index.php?rest_route=\/wp\/v2\/pages\/734"}],"wp:attachment":[{"href":"http:\/\/jolitape.ca\/index.php?rest_route=%2Fwp%2Fv2%2Fmedia&parent=737"}],"curies":[{"name":"wp","href":"https:\/\/api.w.org\/{rel}","templated":true}]}}