{"id":753,"date":"2016-11-27T00:58:17","date_gmt":"2016-11-27T00:58:17","guid":{"rendered":"http:\/\/jolitape.ca\/?page_id=753"},"modified":"2019-07-18T18:56:08","modified_gmt":"2019-07-18T18:56:08","slug":"gaines-et-gaines-tubulaires","status":"publish","type":"page","link":"http:\/\/jolitape.ca\/?page_id=753&lang=fr","title":{"rendered":"Gaines et Gaines tubulaires"},"content":{"rendered":"<p><span style=\"color: #000080;\"><strong>Gaines et Gaines tubulaires<\/strong><\/span><\/p>\n<table class=\"product-list\" border=\"0\" width=\"663\" cellspacing=\"0\" cellpadding=\"0\">\n<tbody>\n<tr>\n<td class=\"titleSm\" valign=\"top\" width=\"199\">\n<p style=\"margin-left: 15.05pt; text-align: left;\">Polyol\u00e9fine<\/p>\n<\/td>\n<td style=\"width: 483px;\">\n<p style=\"margin-left: 15.05pt; text-align: left;\">\u2022 spec. mil. \u2022 spec. ul\/csa \u2022 semi rigide \u2022emporte-pi\u00e8ces<br \/>\n\u2022 doublure avec adh\u00e9sif \u2022divers ratio de r\u00e9tr\u00e9cisseme \u2022 multicolore \u2022 ignifuge \u2022 flexible<\/p>\n<\/td>\n<\/tr>\n<tr>\n<td class=\"titleSm\" valign=\"top\" width=\"199\">\n<p style=\"margin-left: 15.05pt; text-align: left;\">Kynar<\/p>\n<\/td>\n<td style=\"width: 483px;\">\n<p style=\"margin-left: 15.05pt; text-align: left;\">\u20222:1 \u2022transparent \u2022 non corrosif \u2022 haute temp\u00e9rature \u2022 ignifuge \u2022 force di\u00e9lectrique \u00e9lev\u00e9e \u2022 multicolore \u2022 force m\u00e9canique<\/p>\n<\/td>\n<\/tr>\n<tr>\n<td style=\"width: 222px;\">\n<p style=\"margin-left: 15.05pt; text-align: left;\">N\u00e9opr\u00e8ne<\/p>\n<\/td>\n<td style=\"width: 437px;\">\n<p style=\"margin-left: 15.05pt; text-align: left;\">\u2022 spec mil \u2022 spec ul\/csa \u2022 r\u00e9sistant \u00e0 l\u2019abrasion \u2022 r\u00e9sistance \u00e0 l\u2019enfoncement \u2022 r\u00e9sistant \u00e0 l\u2019huile \u2022 flexible \u00e0 basse temp\u00e9rature \u2022 marquage facile<\/p>\n<\/td>\n<\/tr>\n<tr>\n<td style=\"width: 222px;\">\n<p style=\"margin-left: 15.05pt; text-align: left;\">\u00c9lastom\u00e8re fluor\u00e9<\/p>\n<\/td>\n<td style=\"width: 437px;\">\n<p style=\"margin-left: 15.05pt; text-align: left;\">\u2022 spec mil \u2022 spec ul\/csa \u2022 r\u00e9sistant \u00e0 l\u2019abrasion \u2022 flexible<br \/>\n\u2022 r\u00e9sistance \u00e0 l\u2019enfoncement \u2022 haute temp\u00e9rature \u2022 r\u00e9sistant aux produits chimiques \u2022 marquage facile<\/p>\n<\/td>\n<\/tr>\n<tr>\n<td style=\"width: 222px;\">\n<p style=\"margin-left: 15.05pt; text-align: left;\">Polyester \u00e9lastom\u00e8re<\/p>\n<\/td>\n<td style=\"width: 437px;\">\n<p style=\"margin-left: 15.05pt; text-align: left;\">\u2022 robuste \u2022 thermor\u00e9tr\u00e9cissable<br \/>\n\u2022 r\u00e9sistant aux produits chimiques<\/p>\n<\/td>\n<\/tr>\n<tr>\n<td style=\"width: 222px;\">\n<p style=\"margin-left: 15.05pt; text-align: left;\">Polyol\u00e9fine gamme moyenne<\/p>\n<\/td>\n<td style=\"width: 437px;\">\n<p style=\"margin-left: 15.05pt; text-align: left;\">\u2022 spec mil \u2022 spec ul\/csa \u2022 r\u00e9sistant aux solvents\u2022 flexible<br \/>\n\u2022 r\u00e9sistant \u00e0 l\u2019abrasion \u2022 anticorrosif \u2022 ignifuge<br \/>\n\u2022 doublure avec adh\u00e9sif \u2022 r\u00e9sistant \u00e0 l\u2019environnement<br \/>\n\u2022 protection m\u00e9canique<\/p>\n<\/td>\n<\/tr>\n<tr>\n<td style=\"width: 222px;\">\n<p style=\"margin-left: 15.05pt; text-align: left;\">Polol\u00e9fine robuste<\/p>\n<\/td>\n<td style=\"width: 437px;\">\n<p style=\"margin-left: 15.05pt; text-align: left;\">\u2022 spec. mil \u2022 spec ul\/csa \u2022protection m\u00e9canique<br \/>\n\u2022protection environnemental \u2022 doublure avec adh\u00e9sif<br \/>\n\u2022 r\u00e9sistant aux produits chimiques \u2022ignifuge<br \/>\n\u2022 r\u00e9sistant aux fractionnement \u2022 r\u00e9sistant \u00e0 l\u2019abrasion<\/p>\n<\/td>\n<\/tr>\n<tr>\n<td style=\"width: 222px;\">\n<p style=\"margin-left: 15.05pt; text-align: left;\">Gaines en fibre de verre<\/p>\n<\/td>\n<td style=\"width: 437px;\">\n<p style=\"margin-left: 15.05pt; text-align: left;\">\u2022 spec. mil \u2022 spec ul\/csa\u2022traitement thermique \u2022tube mince<br \/>\n\u2022enduite de vinyle \u2022enduite d\u2019acrylique \u2022non effilochage<br \/>\n\u2022silicone caoutchouc \u2022 polyester tiss\u00e9<br \/>\n\u2022monofilament extensible<\/p>\n<\/td>\n<\/tr>\n<tr>\n<td style=\"width: 222px;\">\n<p style=\"margin-left: 15.05pt; text-align: left;\">Gaines extensible<\/p>\n<\/td>\n<td style=\"width: 437px;\">\n<p style=\"margin-left: 15.05pt; text-align: left;\">\u2022kevlar \u2022polyester \u2022 nylon\u2022 non effilochage<br \/>\n\u2022 fibre de verre<\/p>\n<\/td>\n<\/tr>\n<tr>\n<td style=\"width: 222px;\">\n<p style=\"margin-left: 15.05pt; text-align: left;\">Banderolage h\u00e9lico\u00efdale<\/p>\n<\/td>\n<td style=\"width: 437px;\">\n<p style=\"margin-left: 15.05pt; text-align: left;\">\u2022poly\u00e9thyl\u00e8ne \u2022 ignifuge \u2022 multicolore \u2022 PTFE<br \/>\n\u2022 r\u00e9sistant aux intemp\u00e9r\u00e9s \u2022 nylon<\/p>\n<p style=\"margin-left: 15.05pt; text-align: left;\">\n<\/td>\n<\/tr>\n<\/tbody>\n<\/table>\n<p><span style=\"color: #000000;\"><strong>Tous les tubes peuvent satisfaire aux sp\u00e9cifications en tant que besoin.<\/strong><\/span><\/p>\n","protected":false},"excerpt":{"rendered":"<p>Gaines et Gaines tubulaires Polyol\u00e9fine \u2022 spec. mil. \u2022 spec. ul\/csa \u2022 semi rigide \u2022emporte-pi\u00e8ces \u2022 doublure avec adh\u00e9sif \u2022divers ratio de r\u00e9tr\u00e9cisseme \u2022 multicolore \u2022 ignifuge \u2022 flexible Kynar \u20222:1 \u2022transparent \u2022 non corrosif \u2022 haute temp\u00e9rature \u2022 ignifuge \u2022 force di\u00e9lectrique \u00e9lev\u00e9e \u2022 multicolore \u2022 force m\u00e9canique N\u00e9opr\u00e8ne \u2022 spec mil \u2022 spec<\/p>\n<p class=\"more-link\"><a href=\"http:\/\/jolitape.ca\/?page_id=753&#038;lang=fr\" class=\"themebutton2\">READ MORE<\/a><\/p>\n","protected":false},"author":2,"featured_media":0,"parent":734,"menu_order":0,"comment_status":"closed","ping_status":"closed","template":"","meta":{"footnotes":""},"class_list":["post-753","page","type-page","status-publish","hentry"],"yoast_head":"<!-- This site is optimized with the Yoast SEO plugin v27.3 - https:\/\/yoast.com\/product\/yoast-seo-wordpress\/ -->\n<title>Gaines et Gaines tubulaires - JOLI<\/title>\n<meta name=\"robots\" content=\"index, follow, max-snippet:-1, max-image-preview:large, max-video-preview:-1\" \/>\n<link rel=\"canonical\" href=\"http:\/\/jolitape.ca\/?page_id=753&lang=fr\" \/>\n<meta property=\"og:locale\" content=\"en_US\" \/>\n<meta property=\"og:type\" content=\"article\" \/>\n<meta property=\"og:title\" content=\"Gaines et Gaines tubulaires - JOLI\" \/>\n<meta property=\"og:description\" content=\"Gaines et Gaines tubulaires Polyol\u00e9fine \u2022 spec. mil. \u2022 spec. ul\/csa \u2022 semi rigide \u2022emporte-pi\u00e8ces \u2022 doublure avec adh\u00e9sif \u2022divers ratio de r\u00e9tr\u00e9cisseme \u2022 multicolore \u2022 ignifuge \u2022 flexible Kynar \u20222:1 \u2022transparent \u2022 non corrosif \u2022 haute temp\u00e9rature \u2022 ignifuge \u2022 force di\u00e9lectrique \u00e9lev\u00e9e \u2022 multicolore \u2022 force m\u00e9canique N\u00e9opr\u00e8ne \u2022 spec mil \u2022 specREAD MORE\" \/>\n<meta property=\"og:url\" content=\"http:\/\/jolitape.ca\/?page_id=753&amp;lang=fr\" \/>\n<meta property=\"og:site_name\" content=\"JOLI\" \/>\n<meta property=\"article:modified_time\" content=\"2019-07-18T18:56:08+00:00\" \/>\n<meta name=\"twitter:card\" content=\"summary_large_image\" \/>\n<meta name=\"twitter:label1\" content=\"Est. reading time\" \/>\n\t<meta name=\"twitter:data1\" content=\"1 minute\" \/>\n<script type=\"application\/ld+json\" class=\"yoast-schema-graph\">{\"@context\":\"https:\\\/\\\/schema.org\",\"@graph\":[{\"@type\":\"WebPage\",\"@id\":\"http:\\\/\\\/jolitape.ca\\\/?page_id=753&lang=fr\",\"url\":\"http:\\\/\\\/jolitape.ca\\\/?page_id=753&lang=fr\",\"name\":\"Gaines et Gaines tubulaires - JOLI\",\"isPartOf\":{\"@id\":\"http:\\\/\\\/jolitape.ca\\\/#website\"},\"datePublished\":\"2016-11-27T00:58:17+00:00\",\"dateModified\":\"2019-07-18T18:56:08+00:00\",\"breadcrumb\":{\"@id\":\"http:\\\/\\\/jolitape.ca\\\/?page_id=753&lang=fr#breadcrumb\"},\"inLanguage\":\"en-US\",\"potentialAction\":[{\"@type\":\"ReadAction\",\"target\":[\"http:\\\/\\\/jolitape.ca\\\/?page_id=753&lang=fr\"]}]},{\"@type\":\"BreadcrumbList\",\"@id\":\"http:\\\/\\\/jolitape.ca\\\/?page_id=753&lang=fr#breadcrumb\",\"itemListElement\":[{\"@type\":\"ListItem\",\"position\":1,\"name\":\"Home\",\"item\":\"http:\\\/\\\/jolitape.ca\\\/?page_id=102&lang=en\"},{\"@type\":\"ListItem\",\"position\":2,\"name\":\"Nos produits\",\"item\":\"http:\\\/\\\/jolitape.ca\\\/?page_id=734&lang=fr\"},{\"@type\":\"ListItem\",\"position\":3,\"name\":\"Gaines et Gaines tubulaires\"}]},{\"@type\":\"WebSite\",\"@id\":\"http:\\\/\\\/jolitape.ca\\\/#website\",\"url\":\"http:\\\/\\\/jolitape.ca\\\/\",\"name\":\"JOLI\",\"description\":\"Tapes and Adhesives Distributor &amp; Converter.\",\"publisher\":{\"@id\":\"http:\\\/\\\/jolitape.ca\\\/#organization\"},\"alternateName\":\"Jolitape\",\"potentialAction\":[{\"@type\":\"SearchAction\",\"target\":{\"@type\":\"EntryPoint\",\"urlTemplate\":\"http:\\\/\\\/jolitape.ca\\\/?s={search_term_string}\"},\"query-input\":{\"@type\":\"PropertyValueSpecification\",\"valueRequired\":true,\"valueName\":\"search_term_string\"}}],\"inLanguage\":\"en-US\"},{\"@type\":\"Organization\",\"@id\":\"http:\\\/\\\/jolitape.ca\\\/#organization\",\"name\":\"JOLI\",\"alternateName\":\"F. Hendel Distribution Inc.\",\"url\":\"http:\\\/\\\/jolitape.ca\\\/\",\"logo\":{\"@type\":\"ImageObject\",\"inLanguage\":\"en-US\",\"@id\":\"http:\\\/\\\/jolitape.ca\\\/#\\\/schema\\\/logo\\\/image\\\/\",\"url\":\"http:\\\/\\\/jolitape.ca\\\/wp-content\\\/uploads\\\/2016\\\/09\\\/cropped-joli-logo_highres-1.jpg\",\"contentUrl\":\"http:\\\/\\\/jolitape.ca\\\/wp-content\\\/uploads\\\/2016\\\/09\\\/cropped-joli-logo_highres-1.jpg\",\"width\":1092,\"height\":382,\"caption\":\"JOLI\"},\"image\":{\"@id\":\"http:\\\/\\\/jolitape.ca\\\/#\\\/schema\\\/logo\\\/image\\\/\"}}]}<\/script>\n<!-- \/ Yoast SEO plugin. -->","yoast_head_json":{"title":"Gaines et Gaines tubulaires - JOLI","robots":{"index":"index","follow":"follow","max-snippet":"max-snippet:-1","max-image-preview":"max-image-preview:large","max-video-preview":"max-video-preview:-1"},"canonical":"http:\/\/jolitape.ca\/?page_id=753&lang=fr","og_locale":"en_US","og_type":"article","og_title":"Gaines et Gaines tubulaires - JOLI","og_description":"Gaines et Gaines tubulaires Polyol\u00e9fine \u2022 spec. mil. \u2022 spec. ul\/csa \u2022 semi rigide \u2022emporte-pi\u00e8ces \u2022 doublure avec adh\u00e9sif \u2022divers ratio de r\u00e9tr\u00e9cisseme \u2022 multicolore \u2022 ignifuge \u2022 flexible Kynar \u20222:1 \u2022transparent \u2022 non corrosif \u2022 haute temp\u00e9rature \u2022 ignifuge \u2022 force di\u00e9lectrique \u00e9lev\u00e9e \u2022 multicolore \u2022 force m\u00e9canique N\u00e9opr\u00e8ne \u2022 spec mil \u2022 specREAD MORE","og_url":"http:\/\/jolitape.ca\/?page_id=753&lang=fr","og_site_name":"JOLI","article_modified_time":"2019-07-18T18:56:08+00:00","twitter_card":"summary_large_image","twitter_misc":{"Est. reading time":"1 minute"},"schema":{"@context":"https:\/\/schema.org","@graph":[{"@type":"WebPage","@id":"http:\/\/jolitape.ca\/?page_id=753&lang=fr","url":"http:\/\/jolitape.ca\/?page_id=753&lang=fr","name":"Gaines et Gaines tubulaires - JOLI","isPartOf":{"@id":"http:\/\/jolitape.ca\/#website"},"datePublished":"2016-11-27T00:58:17+00:00","dateModified":"2019-07-18T18:56:08+00:00","breadcrumb":{"@id":"http:\/\/jolitape.ca\/?page_id=753&lang=fr#breadcrumb"},"inLanguage":"en-US","potentialAction":[{"@type":"ReadAction","target":["http:\/\/jolitape.ca\/?page_id=753&lang=fr"]}]},{"@type":"BreadcrumbList","@id":"http:\/\/jolitape.ca\/?page_id=753&lang=fr#breadcrumb","itemListElement":[{"@type":"ListItem","position":1,"name":"Home","item":"http:\/\/jolitape.ca\/?page_id=102&lang=en"},{"@type":"ListItem","position":2,"name":"Nos produits","item":"http:\/\/jolitape.ca\/?page_id=734&lang=fr"},{"@type":"ListItem","position":3,"name":"Gaines et Gaines tubulaires"}]},{"@type":"WebSite","@id":"http:\/\/jolitape.ca\/#website","url":"http:\/\/jolitape.ca\/","name":"JOLI","description":"Tapes and Adhesives Distributor &amp; Converter.","publisher":{"@id":"http:\/\/jolitape.ca\/#organization"},"alternateName":"Jolitape","potentialAction":[{"@type":"SearchAction","target":{"@type":"EntryPoint","urlTemplate":"http:\/\/jolitape.ca\/?s={search_term_string}"},"query-input":{"@type":"PropertyValueSpecification","valueRequired":true,"valueName":"search_term_string"}}],"inLanguage":"en-US"},{"@type":"Organization","@id":"http:\/\/jolitape.ca\/#organization","name":"JOLI","alternateName":"F. Hendel Distribution Inc.","url":"http:\/\/jolitape.ca\/","logo":{"@type":"ImageObject","inLanguage":"en-US","@id":"http:\/\/jolitape.ca\/#\/schema\/logo\/image\/","url":"http:\/\/jolitape.ca\/wp-content\/uploads\/2016\/09\/cropped-joli-logo_highres-1.jpg","contentUrl":"http:\/\/jolitape.ca\/wp-content\/uploads\/2016\/09\/cropped-joli-logo_highres-1.jpg","width":1092,"height":382,"caption":"JOLI"},"image":{"@id":"http:\/\/jolitape.ca\/#\/schema\/logo\/image\/"}}]}},"_links":{"self":[{"href":"http:\/\/jolitape.ca\/index.php?rest_route=\/wp\/v2\/pages\/753","targetHints":{"allow":["GET"]}}],"collection":[{"href":"http:\/\/jolitape.ca\/index.php?rest_route=\/wp\/v2\/pages"}],"about":[{"href":"http:\/\/jolitape.ca\/index.php?rest_route=\/wp\/v2\/types\/page"}],"author":[{"embeddable":true,"href":"http:\/\/jolitape.ca\/index.php?rest_route=\/wp\/v2\/users\/2"}],"replies":[{"embeddable":true,"href":"http:\/\/jolitape.ca\/index.php?rest_route=%2Fwp%2Fv2%2Fcomments&post=753"}],"version-history":[{"count":4,"href":"http:\/\/jolitape.ca\/index.php?rest_route=\/wp\/v2\/pages\/753\/revisions"}],"predecessor-version":[{"id":1094,"href":"http:\/\/jolitape.ca\/index.php?rest_route=\/wp\/v2\/pages\/753\/revisions\/1094"}],"up":[{"embeddable":true,"href":"http:\/\/jolitape.ca\/index.php?rest_route=\/wp\/v2\/pages\/734"}],"wp:attachment":[{"href":"http:\/\/jolitape.ca\/index.php?rest_route=%2Fwp%2Fv2%2Fmedia&parent=753"}],"curies":[{"name":"wp","href":"https:\/\/api.w.org\/{rel}","templated":true}]}}