{"id":799,"date":"2016-11-27T19:59:13","date_gmt":"2016-11-27T19:59:13","guid":{"rendered":"http:\/\/jolitape.ca\/?page_id=799"},"modified":"2021-12-30T21:02:25","modified_gmt":"2021-12-30T21:02:25","slug":"bienvenue","status":"publish","type":"page","link":"http:\/\/jolitape.ca\/?page_id=799&lang=fr","title":{"rendered":"Bienvenue"},"content":{"rendered":"<p><span style=\"color: #000080;\"><strong>Bienvenue \u00e0 JOLI Distribution F. Hendel Inc.<\/strong><\/span><br \/>Solutions pour isoler, coller, prot\u00e9ger, emballer.<\/p>\n<div id=\"attachment_816\" style=\"width: 160px\" class=\"wp-caption alignright\"><a href=\"http:\/\/jolitape.ca\/?page_id=744&amp;lang=fr\"><img loading=\"lazy\" decoding=\"async\" aria-describedby=\"caption-attachment-816\" class=\"size-thumbnail wp-image-816\" src=\"http:\/\/jolitape.ca\/wp-content\/uploads\/2016\/11\/Feature3_2-150x150.jpg\" alt=\"die cut piece\" width=\"150\" height=\"150\" srcset=\"http:\/\/jolitape.ca\/wp-content\/uploads\/2016\/11\/Feature3_2-150x150.jpg 150w, http:\/\/jolitape.ca\/wp-content\/uploads\/2016\/11\/Feature3_2-53x53.jpg 53w, http:\/\/jolitape.ca\/wp-content\/uploads\/2016\/11\/Feature3_2-85x85.jpg 85w, http:\/\/jolitape.ca\/wp-content\/uploads\/2016\/11\/Feature3_2-570x570.jpg 570w, http:\/\/jolitape.ca\/wp-content\/uploads\/2016\/11\/Feature3_2-380x380.jpg 380w, http:\/\/jolitape.ca\/wp-content\/uploads\/2016\/11\/Feature3_2-285x285.jpg 285w\" sizes=\"auto, (max-width: 150px) 100vw, 150px\" \/><\/a><p id=\"caption-attachment-816\" class=\"wp-caption-text\"><a href=\"http:\/\/jolitape.ca\/?page_id=744&amp;lang=fr\">Services<\/a><\/p><\/div>\n<div id=\"attachment_810\" style=\"width: 160px\" class=\"wp-caption alignright\"><a href=\"http:\/\/jolitape.ca\/?page_id=703&amp;lang=fr\"><img loading=\"lazy\" decoding=\"async\" aria-describedby=\"caption-attachment-810\" class=\"size-thumbnail wp-image-810\" src=\"http:\/\/jolitape.ca\/wp-content\/uploads\/2016\/11\/I00001IckuyNRlU4-1-150x150.jpg\" alt=\"construction worker\" width=\"150\" height=\"150\" srcset=\"http:\/\/jolitape.ca\/wp-content\/uploads\/2016\/11\/I00001IckuyNRlU4-1-150x150.jpg 150w, http:\/\/jolitape.ca\/wp-content\/uploads\/2016\/11\/I00001IckuyNRlU4-1-53x53.jpg 53w, http:\/\/jolitape.ca\/wp-content\/uploads\/2016\/11\/I00001IckuyNRlU4-1-85x85.jpg 85w, http:\/\/jolitape.ca\/wp-content\/uploads\/2016\/11\/I00001IckuyNRlU4-1.jpg 180w\" sizes=\"auto, (max-width: 150px) 100vw, 150px\" \/><\/a><p id=\"caption-attachment-810\" class=\"wp-caption-text\"><a href=\"http:\/\/jolitape.ca\/?page_id=703&amp;lang=fr\">Industries<\/a><\/p><\/div>\n<div id=\"attachment_812\" style=\"width: 160px\" class=\"wp-caption alignright\"><a href=\"http:\/\/jolitape.ca\/?page_id=734&amp;lang=fr\"><img loading=\"lazy\" decoding=\"async\" aria-describedby=\"caption-attachment-812\" class=\"size-thumbnail wp-image-812\" src=\"http:\/\/jolitape.ca\/wp-content\/uploads\/2016\/11\/I0000MZhDueAZqW0-150x150.jpg\" alt=\"plastic product\" width=\"150\" height=\"150\" srcset=\"http:\/\/jolitape.ca\/wp-content\/uploads\/2016\/11\/I0000MZhDueAZqW0-150x150.jpg 150w, http:\/\/jolitape.ca\/wp-content\/uploads\/2016\/11\/I0000MZhDueAZqW0-53x53.jpg 53w, http:\/\/jolitape.ca\/wp-content\/uploads\/2016\/11\/I0000MZhDueAZqW0-85x85.jpg 85w, http:\/\/jolitape.ca\/wp-content\/uploads\/2016\/11\/I0000MZhDueAZqW0.jpg 180w\" sizes=\"auto, (max-width: 150px) 100vw, 150px\" \/><\/a><p id=\"caption-attachment-812\" class=\"wp-caption-text\"><a href=\"http:\/\/jolitape.ca\/?page_id=734&amp;lang=fr\">Produits<\/a><\/p><\/div>\n<p>Notre objectif \u00e0 JOLI est de fournir les rubans et films de meilleures qualit\u00e9s pour vos besoins. Avec notre \u00e9quipment \u00e0 la fine pointe de la technologie, nous offrons des services de refendage personnalis\u00e9 de pr\u00e9cision, le d\u00e9coupage \u00e0 la forme, ainsi que des produits personnalis\u00e9s laminer et feuillet\u00e9s de tailles diff\u00e9rentes selon vos besoins. De plus, nous offrons le refendage de la mousse \u00e0 haute pr\u00e9cision.<\/p>\n<p>\u00a0<\/p>\n\n\n<p><\/p>\n","protected":false},"excerpt":{"rendered":"<p>Bienvenue \u00e0 JOLI Distribution F. Hendel Inc.Solutions pour isoler, coller, prot\u00e9ger, emballer. Notre objectif \u00e0 JOLI est de fournir les rubans et films de meilleures qualit\u00e9s pour vos besoins. Avec notre \u00e9quipment \u00e0 la fine pointe de la technologie, nous offrons des services de refendage personnalis\u00e9 de pr\u00e9cision, le d\u00e9coupage \u00e0 la forme, ainsi que<\/p>\n<p class=\"more-link\"><a href=\"http:\/\/jolitape.ca\/?page_id=799&#038;lang=fr\" class=\"themebutton2\">READ MORE<\/a><\/p>\n","protected":false},"author":2,"featured_media":0,"parent":0,"menu_order":0,"comment_status":"closed","ping_status":"closed","template":"","meta":{"footnotes":""},"class_list":["post-799","page","type-page","status-publish","hentry"],"yoast_head":"<!-- This site is optimized with the Yoast SEO plugin v27.3 - https:\/\/yoast.com\/product\/yoast-seo-wordpress\/ -->\n<title>Bienvenue - JOLI<\/title>\n<meta name=\"robots\" content=\"index, follow, max-snippet:-1, max-image-preview:large, max-video-preview:-1\" \/>\n<link rel=\"canonical\" href=\"http:\/\/jolitape.ca\/?page_id=799&lang=fr\" \/>\n<meta property=\"og:locale\" content=\"en_US\" \/>\n<meta property=\"og:type\" content=\"article\" \/>\n<meta property=\"og:title\" content=\"Bienvenue - JOLI\" \/>\n<meta property=\"og:description\" content=\"Bienvenue \u00e0 JOLI Distribution F. Hendel Inc.Solutions pour isoler, coller, prot\u00e9ger, emballer. Notre objectif \u00e0 JOLI est de fournir les rubans et films de meilleures qualit\u00e9s pour vos besoins. Avec notre \u00e9quipment \u00e0 la fine pointe de la technologie, nous offrons des services de refendage personnalis\u00e9 de pr\u00e9cision, le d\u00e9coupage \u00e0 la forme, ainsi queREAD MORE\" \/>\n<meta property=\"og:url\" content=\"http:\/\/jolitape.ca\/?page_id=799&amp;lang=fr\" \/>\n<meta property=\"og:site_name\" content=\"JOLI\" \/>\n<meta property=\"article:modified_time\" content=\"2021-12-30T21:02:25+00:00\" \/>\n<meta property=\"og:image\" content=\"http:\/\/jolitape.ca\/wp-content\/uploads\/2016\/11\/Feature3_2-150x150.jpg\" \/>\n<meta name=\"twitter:card\" content=\"summary_large_image\" \/>\n<meta name=\"twitter:label1\" content=\"Est. reading time\" \/>\n\t<meta name=\"twitter:data1\" content=\"1 minute\" \/>\n<script type=\"application\/ld+json\" class=\"yoast-schema-graph\">{\"@context\":\"https:\\\/\\\/schema.org\",\"@graph\":[{\"@type\":\"WebPage\",\"@id\":\"http:\\\/\\\/jolitape.ca\\\/?page_id=799&lang=fr\",\"url\":\"http:\\\/\\\/jolitape.ca\\\/?page_id=799&lang=fr\",\"name\":\"Bienvenue - JOLI\",\"isPartOf\":{\"@id\":\"http:\\\/\\\/jolitape.ca\\\/#website\"},\"primaryImageOfPage\":{\"@id\":\"http:\\\/\\\/jolitape.ca\\\/?page_id=799&lang=fr#primaryimage\"},\"image\":{\"@id\":\"http:\\\/\\\/jolitape.ca\\\/?page_id=799&lang=fr#primaryimage\"},\"thumbnailUrl\":\"http:\\\/\\\/jolitape.ca\\\/wp-content\\\/uploads\\\/2016\\\/11\\\/Feature3_2-150x150.jpg\",\"datePublished\":\"2016-11-27T19:59:13+00:00\",\"dateModified\":\"2021-12-30T21:02:25+00:00\",\"breadcrumb\":{\"@id\":\"http:\\\/\\\/jolitape.ca\\\/?page_id=799&lang=fr#breadcrumb\"},\"inLanguage\":\"en-US\",\"potentialAction\":[{\"@type\":\"ReadAction\",\"target\":[\"http:\\\/\\\/jolitape.ca\\\/?page_id=799&lang=fr\"]}]},{\"@type\":\"ImageObject\",\"inLanguage\":\"en-US\",\"@id\":\"http:\\\/\\\/jolitape.ca\\\/?page_id=799&lang=fr#primaryimage\",\"url\":\"http:\\\/\\\/jolitape.ca\\\/wp-content\\\/uploads\\\/2016\\\/11\\\/Feature3_2.jpg\",\"contentUrl\":\"http:\\\/\\\/jolitape.ca\\\/wp-content\\\/uploads\\\/2016\\\/11\\\/Feature3_2.jpg\",\"width\":840,\"height\":1012,\"caption\":\"Services\"},{\"@type\":\"BreadcrumbList\",\"@id\":\"http:\\\/\\\/jolitape.ca\\\/?page_id=799&lang=fr#breadcrumb\",\"itemListElement\":[{\"@type\":\"ListItem\",\"position\":1,\"name\":\"Home\",\"item\":\"http:\\\/\\\/jolitape.ca\\\/?page_id=102&lang=en\"},{\"@type\":\"ListItem\",\"position\":2,\"name\":\"Bienvenue\"}]},{\"@type\":\"WebSite\",\"@id\":\"http:\\\/\\\/jolitape.ca\\\/#website\",\"url\":\"http:\\\/\\\/jolitape.ca\\\/\",\"name\":\"JOLI\",\"description\":\"Tapes and Adhesives Distributor &amp; Converter.\",\"publisher\":{\"@id\":\"http:\\\/\\\/jolitape.ca\\\/#organization\"},\"alternateName\":\"Jolitape\",\"potentialAction\":[{\"@type\":\"SearchAction\",\"target\":{\"@type\":\"EntryPoint\",\"urlTemplate\":\"http:\\\/\\\/jolitape.ca\\\/?s={search_term_string}\"},\"query-input\":{\"@type\":\"PropertyValueSpecification\",\"valueRequired\":true,\"valueName\":\"search_term_string\"}}],\"inLanguage\":\"en-US\"},{\"@type\":\"Organization\",\"@id\":\"http:\\\/\\\/jolitape.ca\\\/#organization\",\"name\":\"JOLI\",\"alternateName\":\"F. Hendel Distribution Inc.\",\"url\":\"http:\\\/\\\/jolitape.ca\\\/\",\"logo\":{\"@type\":\"ImageObject\",\"inLanguage\":\"en-US\",\"@id\":\"http:\\\/\\\/jolitape.ca\\\/#\\\/schema\\\/logo\\\/image\\\/\",\"url\":\"http:\\\/\\\/jolitape.ca\\\/wp-content\\\/uploads\\\/2016\\\/09\\\/cropped-joli-logo_highres-1.jpg\",\"contentUrl\":\"http:\\\/\\\/jolitape.ca\\\/wp-content\\\/uploads\\\/2016\\\/09\\\/cropped-joli-logo_highres-1.jpg\",\"width\":1092,\"height\":382,\"caption\":\"JOLI\"},\"image\":{\"@id\":\"http:\\\/\\\/jolitape.ca\\\/#\\\/schema\\\/logo\\\/image\\\/\"}}]}<\/script>\n<!-- \/ Yoast SEO plugin. -->","yoast_head_json":{"title":"Bienvenue - JOLI","robots":{"index":"index","follow":"follow","max-snippet":"max-snippet:-1","max-image-preview":"max-image-preview:large","max-video-preview":"max-video-preview:-1"},"canonical":"http:\/\/jolitape.ca\/?page_id=799&lang=fr","og_locale":"en_US","og_type":"article","og_title":"Bienvenue - JOLI","og_description":"Bienvenue \u00e0 JOLI Distribution F. Hendel Inc.Solutions pour isoler, coller, prot\u00e9ger, emballer. Notre objectif \u00e0 JOLI est de fournir les rubans et films de meilleures qualit\u00e9s pour vos besoins. Avec notre \u00e9quipment \u00e0 la fine pointe de la technologie, nous offrons des services de refendage personnalis\u00e9 de pr\u00e9cision, le d\u00e9coupage \u00e0 la forme, ainsi queREAD MORE","og_url":"http:\/\/jolitape.ca\/?page_id=799&lang=fr","og_site_name":"JOLI","article_modified_time":"2021-12-30T21:02:25+00:00","og_image":[{"url":"http:\/\/jolitape.ca\/wp-content\/uploads\/2016\/11\/Feature3_2-150x150.jpg","type":"","width":"","height":""}],"twitter_card":"summary_large_image","twitter_misc":{"Est. reading time":"1 minute"},"schema":{"@context":"https:\/\/schema.org","@graph":[{"@type":"WebPage","@id":"http:\/\/jolitape.ca\/?page_id=799&lang=fr","url":"http:\/\/jolitape.ca\/?page_id=799&lang=fr","name":"Bienvenue - JOLI","isPartOf":{"@id":"http:\/\/jolitape.ca\/#website"},"primaryImageOfPage":{"@id":"http:\/\/jolitape.ca\/?page_id=799&lang=fr#primaryimage"},"image":{"@id":"http:\/\/jolitape.ca\/?page_id=799&lang=fr#primaryimage"},"thumbnailUrl":"http:\/\/jolitape.ca\/wp-content\/uploads\/2016\/11\/Feature3_2-150x150.jpg","datePublished":"2016-11-27T19:59:13+00:00","dateModified":"2021-12-30T21:02:25+00:00","breadcrumb":{"@id":"http:\/\/jolitape.ca\/?page_id=799&lang=fr#breadcrumb"},"inLanguage":"en-US","potentialAction":[{"@type":"ReadAction","target":["http:\/\/jolitape.ca\/?page_id=799&lang=fr"]}]},{"@type":"ImageObject","inLanguage":"en-US","@id":"http:\/\/jolitape.ca\/?page_id=799&lang=fr#primaryimage","url":"http:\/\/jolitape.ca\/wp-content\/uploads\/2016\/11\/Feature3_2.jpg","contentUrl":"http:\/\/jolitape.ca\/wp-content\/uploads\/2016\/11\/Feature3_2.jpg","width":840,"height":1012,"caption":"Services"},{"@type":"BreadcrumbList","@id":"http:\/\/jolitape.ca\/?page_id=799&lang=fr#breadcrumb","itemListElement":[{"@type":"ListItem","position":1,"name":"Home","item":"http:\/\/jolitape.ca\/?page_id=102&lang=en"},{"@type":"ListItem","position":2,"name":"Bienvenue"}]},{"@type":"WebSite","@id":"http:\/\/jolitape.ca\/#website","url":"http:\/\/jolitape.ca\/","name":"JOLI","description":"Tapes and Adhesives Distributor &amp; Converter.","publisher":{"@id":"http:\/\/jolitape.ca\/#organization"},"alternateName":"Jolitape","potentialAction":[{"@type":"SearchAction","target":{"@type":"EntryPoint","urlTemplate":"http:\/\/jolitape.ca\/?s={search_term_string}"},"query-input":{"@type":"PropertyValueSpecification","valueRequired":true,"valueName":"search_term_string"}}],"inLanguage":"en-US"},{"@type":"Organization","@id":"http:\/\/jolitape.ca\/#organization","name":"JOLI","alternateName":"F. Hendel Distribution Inc.","url":"http:\/\/jolitape.ca\/","logo":{"@type":"ImageObject","inLanguage":"en-US","@id":"http:\/\/jolitape.ca\/#\/schema\/logo\/image\/","url":"http:\/\/jolitape.ca\/wp-content\/uploads\/2016\/09\/cropped-joli-logo_highres-1.jpg","contentUrl":"http:\/\/jolitape.ca\/wp-content\/uploads\/2016\/09\/cropped-joli-logo_highres-1.jpg","width":1092,"height":382,"caption":"JOLI"},"image":{"@id":"http:\/\/jolitape.ca\/#\/schema\/logo\/image\/"}}]}},"_links":{"self":[{"href":"http:\/\/jolitape.ca\/index.php?rest_route=\/wp\/v2\/pages\/799","targetHints":{"allow":["GET"]}}],"collection":[{"href":"http:\/\/jolitape.ca\/index.php?rest_route=\/wp\/v2\/pages"}],"about":[{"href":"http:\/\/jolitape.ca\/index.php?rest_route=\/wp\/v2\/types\/page"}],"author":[{"embeddable":true,"href":"http:\/\/jolitape.ca\/index.php?rest_route=\/wp\/v2\/users\/2"}],"replies":[{"embeddable":true,"href":"http:\/\/jolitape.ca\/index.php?rest_route=%2Fwp%2Fv2%2Fcomments&post=799"}],"version-history":[{"count":15,"href":"http:\/\/jolitape.ca\/index.php?rest_route=\/wp\/v2\/pages\/799\/revisions"}],"predecessor-version":[{"id":1146,"href":"http:\/\/jolitape.ca\/index.php?rest_route=\/wp\/v2\/pages\/799\/revisions\/1146"}],"wp:attachment":[{"href":"http:\/\/jolitape.ca\/index.php?rest_route=%2Fwp%2Fv2%2Fmedia&parent=799"}],"curies":[{"name":"wp","href":"https:\/\/api.w.org\/{rel}","templated":true}]}}